{"id":990142,"date":"2022-11-07T18:46:03","date_gmt":"2022-11-07T21:46:03","guid":{"rendered":"https:\/\/biogroup.com.ar\/satisfaction-survey\/"},"modified":"2023-12-13T15:05:30","modified_gmt":"2023-12-13T18:05:30","slug":"satisfaction-survey","status":"publish","type":"page","link":"https:\/\/biogroup.com.ar\/en\/satisfaction-survey\/","title":{"rendered":"Survey"},"content":{"rendered":"<div class=\"vgblk-rw-wrapper limit-wrapper\">\n<h2>\n\tCustomer <b> Satisfaction Survey (2022) <\/b>\n\t<\/h2>\n\t<h3>SENDING RESULTS<\/h3>\n<hr \/>\n<p>&nbsp;<\/p>\n\t<h3>Advice<br \/>\nTechnical<\/h3>\n<div class=\"ninja-charts-customize_3583028654_2\" >\n    <div id=\"ninja-charts-container\"\n         class=\"ninja-charts-chart-js-container\"\n         style='\n                height: 400px;\n                width: auto;\n                background-color: #FFFFFF;\n                border: 0px solid #FFFFFF ;\n                border-radius: 0px;'\n         data-id=\"2\"\n         data-uniqid=\"_3583028654_2\"\n             >\n    <canvas\n        id= \"ninja_charts_instance_3583028654_2\"\n>\n    <\/canvas>\n    <\/div>\n<\/div>\n\n\t<h3>Shipping time<br \/>\nResults<\/h3>\n<div class=\"ninja-charts-customize_3647812239_4\" >\n    <div id=\"ninja-charts-container\"\n         class=\"ninja-charts-chart-js-container\"\n         style='\n                height: 400px;\n                width: auto;\n                background-color: #FFFFFF;\n                border: 0px solid #FFFFFF ;\n                border-radius: 0px;'\n         data-id=\"4\"\n         data-uniqid=\"_3647812239_4\"\n             >\n    <canvas\n        id= \"ninja_charts_instance_3647812239_4\"\n>\n    <\/canvas>\n    <\/div>\n<\/div>\n\n\t<h3>Quoted Value in Relation<br \/>\nto the Service Provided<\/h3>\n<div class=\"ninja-charts-customize_1337495605_5\" >\n    <div id=\"ninja-charts-container\"\n         class=\"ninja-charts-chart-js-container\"\n         style='\n                height: 400px;\n                width: auto;\n                background-color: #FFFFFF;\n                border: 0px solid #FFFFFF ;\n                border-radius: 0px;'\n         data-id=\"5\"\n         data-uniqid=\"_1337495605_5\"\n             >\n    <canvas\n        id= \"ninja_charts_instance_1337495605_5\"\n>\n    <\/canvas>\n    <\/div>\n<\/div>\n\n\t\n<h3>MONITORING<\/h3>\n<hr \/>\n<p>&nbsp;<\/p>\n\t<h3>Coordination<br \/>\nof Monitoring<\/h3>\n<div class=\"ninja-charts-customize_2786773877_6\" >\n    <div id=\"ninja-charts-container\"\n         class=\"ninja-charts-chart-js-container\"\n         style='\n                height: 400px;\n                width: auto;\n                background-color: #FFFFFF;\n                border: 0px solid #FFFFFF ;\n                border-radius: 0px;'\n         data-id=\"6\"\n         data-uniqid=\"_2786773877_6\"\n             >\n    <canvas\n        id= \"ninja_charts_instance_2786773877_6\"\n>\n    <\/canvas>\n    <\/div>\n<\/div>\n\n\t<h3>Staff Performance<br \/>\nMonitoring Technician<\/h3>\n<div class=\"ninja-charts-customize_3527050897_7\" >\n    <div id=\"ninja-charts-container\"\n         class=\"ninja-charts-chart-js-container\"\n         style='\n                height: 400px;\n                width: auto;\n                background-color: #FFFFFF;\n                border: 0px solid #FFFFFF ;\n                border-radius: 0px;'\n         data-id=\"7\"\n         data-uniqid=\"_3527050897_7\"\n             >\n    <canvas\n        id= \"ninja_charts_instance_3527050897_7\"\n>\n    <\/canvas>\n    <\/div>\n<\/div>\n\n\t<h3>ADMINISTRATIVE MANAGEMENT<\/h3>\n<hr \/>\n<p>&nbsp;<\/p>\n\t<h3>Cordiality \/ Predisposition<\/h3>\n<div class=\"ninja-charts-customize_2694107392_8\" >\n    <div id=\"ninja-charts-container\"\n         class=\"ninja-charts-chart-js-container\"\n         style='\n                height: 400px;\n                width: auto;\n                background-color: #FFFFFF;\n                border: 0px solid #FFFFFF ;\n                border-radius: 0px;'\n         data-id=\"8\"\n         data-uniqid=\"_2694107392_8\"\n             >\n    <canvas\n        id= \"ninja_charts_instance_2694107392_8\"\n>\n    <\/canvas>\n    <\/div>\n<\/div>\n\n\t<h3>Capacity\/Knowledge<\/h3>\n<div class=\"ninja-charts-customize_1598321245_9\" >\n    <div id=\"ninja-charts-container\"\n         class=\"ninja-charts-chart-js-container\"\n         style='\n                height: 400px;\n                width: auto;\n                background-color: #FFFFFF;\n                border: 0px solid #FFFFFF ;\n                border-radius: 0px;'\n         data-id=\"9\"\n         data-uniqid=\"_1598321245_9\"\n             >\n    <canvas\n        id= \"ninja_charts_instance_1598321245_9\"\n>\n    <\/canvas>\n    <\/div>\n<\/div>\n\n\t<h3>Satisfaction in response<\/h3>\n<div class=\"ninja-charts-customize_3833358550_10\" >\n    <div id=\"ninja-charts-container\"\n         class=\"ninja-charts-chart-js-container\"\n         style='\n                height: 400px;\n                width: auto;\n                background-color: #FFFFFF;\n                border: 0px solid #FFFFFF ;\n                border-radius: 0px;'\n         data-id=\"10\"\n         data-uniqid=\"_3833358550_10\"\n             >\n    <canvas\n        id= \"ninja_charts_instance_3833358550_10\"\n>\n    <\/canvas>\n    <\/div>\n<\/div>\n\n\t<h3>Ease of communication<\/h3>\n<div class=\"ninja-charts-customize_1843680863_11\" >\n    <div id=\"ninja-charts-container\"\n         class=\"ninja-charts-chart-js-container\"\n         style='\n                height: 400px;\n                width: auto;\n                background-color: #FFFFFF;\n                border: 0px solid #FFFFFF ;\n                border-radius: 0px;'\n         data-id=\"11\"\n         data-uniqid=\"_1843680863_11\"\n             >\n    <canvas\n        id= \"ninja_charts_instance_1843680863_11\"\n>\n    <\/canvas>\n    <\/div>\n<\/div>\n\n\t<h3>Response time<\/h3>\n<div class=\"ninja-charts-customize_3625097530_12\" >\n    <div id=\"ninja-charts-container\"\n         class=\"ninja-charts-chart-js-container\"\n         style='\n                height: 400px;\n                width: auto;\n                background-color: #FFFFFF;\n                border: 0px solid #FFFFFF ;\n                border-radius: 0px;'\n         data-id=\"12\"\n         data-uniqid=\"_3625097530_12\"\n             >\n    <canvas\n        id= \"ninja_charts_instance_3625097530_12\"\n>\n    <\/canvas>\n    <\/div>\n<\/div>\n\n\t<h3>TECHNICAL CONSULTATIONS<\/h3>\n<hr \/>\n<p>&nbsp;<\/p>\n\t<h3>Cordiality \/ Predisposition<br \/>\n<div class=\"ninja-charts-customize_3964176599_13\" >\n    <div id=\"ninja-charts-container\"\n         class=\"ninja-charts-chart-js-container\"\n         style='\n                height: 600px;\n                width: auto;\n                background-color: #FFFFFF;\n                border: 0px solid #FFFFFF ;\n                border-radius: 0px;'\n         data-id=\"13\"\n         data-uniqid=\"_3964176599_13\"\n             >\n    <canvas\n        id= \"ninja_charts_instance_3964176599_13\"\n>\n    <\/canvas>\n    <\/div>\n<\/div>\n<\/h3>\n\t<h3>Capacity\/Knowledge<br \/>\n<div class=\"ninja-charts-customize_1723131030_14\" >\n    <div id=\"ninja-charts-container\"\n         class=\"ninja-charts-chart-js-container\"\n         style='\n                height: 600px;\n                width: auto;\n                background-color: #FFFFFF;\n                border: 0px solid #FFFFFF ;\n                border-radius: 0px;'\n         data-id=\"14\"\n         data-uniqid=\"_1723131030_14\"\n             >\n    <canvas\n        id= \"ninja_charts_instance_1723131030_14\"\n>\n    <\/canvas>\n    <\/div>\n<\/div>\n<\/h3>\n\t<h3>Satisfaction in response<br \/>\n<div class=\"ninja-charts-customize_1891470492_15\" >\n    <div id=\"ninja-charts-container\"\n         class=\"ninja-charts-chart-js-container\"\n         style='\n                height: 600px;\n                width: auto;\n                background-color: #FFFFFF;\n                border: 0px solid #FFFFFF ;\n                border-radius: 0px;'\n         data-id=\"15\"\n         data-uniqid=\"_1891470492_15\"\n             >\n    <canvas\n        id= \"ninja_charts_instance_1891470492_15\"\n>\n    <\/canvas>\n    <\/div>\n<\/div>\n<\/h3>\n\t<h3>Ease of communication<br \/>\n<div class=\"ninja-charts-customize_546477595_16\" >\n    <div id=\"ninja-charts-container\"\n         class=\"ninja-charts-chart-js-container\"\n         style='\n                height: 600px;\n                width: auto;\n                background-color: #FFFFFF;\n                border: 0px solid #FFFFFF ;\n                border-radius: 0px;'\n         data-id=\"16\"\n         data-uniqid=\"_546477595_16\"\n             >\n    <canvas\n        id= \"ninja_charts_instance_546477595_16\"\n>\n    <\/canvas>\n    <\/div>\n<\/div>\n<\/h3>\n\t<h3>Response time<br \/>\n<div class=\"ninja-charts-customize_1532255615_17\" >\n    <div id=\"ninja-charts-container\"\n         class=\"ninja-charts-chart-js-container\"\n         style='\n                height: 600px;\n                width: auto;\n                background-color: #FFFFFF;\n                border: 0px solid #FFFFFF ;\n                border-radius: 0px;'\n         data-id=\"17\"\n         data-uniqid=\"_1532255615_17\"\n             >\n    <canvas\n        id= \"ninja_charts_instance_1532255615_17\"\n>\n    <\/canvas>\n    <\/div>\n<\/div>\n<\/h3>\n\t<h3>ISSUANCE OF REPORTS<\/h3>\n<hr \/>\n<p>&nbsp;<\/p>\n\t<h3>Format<\/h3>\n<div class=\"ninja-charts-customize_3259295646_18\" >\n    <div id=\"ninja-charts-container\"\n         class=\"ninja-charts-chart-js-container\"\n         style='\n                height: 400px;\n                width: auto;\n                background-color: #FFFFFF;\n                border: 0px solid #FFFFFF ;\n                border-radius: 0px;'\n         data-id=\"18\"\n         data-uniqid=\"_3259295646_18\"\n             >\n    <canvas\n        id= \"ninja_charts_instance_3259295646_18\"\n>\n    <\/canvas>\n    <\/div>\n<\/div>\n\n\t<h3>Delivery time<\/h3>\n<div class=\"ninja-charts-customize_1186849123_19\" >\n    <div id=\"ninja-charts-container\"\n         class=\"ninja-charts-chart-js-container\"\n         style='\n                height: 400px;\n                width: auto;\n                background-color: #FFFFFF;\n                border: 0px solid #FFFFFF ;\n                border-radius: 0px;'\n         data-id=\"19\"\n         data-uniqid=\"_1186849123_19\"\n             >\n    <canvas\n        id= \"ninja_charts_instance_1186849123_19\"\n>\n    <\/canvas>\n    <\/div>\n<\/div>\n\n\t<h3>Reliability of results<\/h3>\n<div class=\"ninja-charts-customize_2651033128_20\" >\n    <div id=\"ninja-charts-container\"\n         class=\"ninja-charts-chart-js-container\"\n         style='\n                height: 400px;\n                width: auto;\n                background-color: #FFFFFF;\n                border: 0px solid #FFFFFF ;\n                border-radius: 0px;'\n         data-id=\"20\"\n         data-uniqid=\"_2651033128_20\"\n             >\n    <canvas\n        id= \"ninja_charts_instance_2651033128_20\"\n>\n    <\/canvas>\n    <\/div>\n<\/div>\n\n\n<\/div><!-- .vgblk-rw-wrapper -->","protected":false},"excerpt":{"rendered":"<p>Customer Satisfaction Survey (2022) SENDING RESULTS &nbsp; Advice Technical Shipping time Results Quoted Value in Relation to the Service Provided MONITORING &nbsp; Coordination of Monitoring Staff Performance Monitoring Technician ADMINISTRATIVE MANAGEMENT &nbsp; Cordiality \/ Predisposition Capacity\/Knowledge Satisfaction in response Ease of communication Response time TECHNICAL CONSULTATIONS &nbsp; Cordiality \/ Predisposition Capacity\/Knowledge Satisfaction in response Ease&#8230;<\/p>\n","protected":false},"author":3,"featured_media":0,"parent":0,"menu_order":0,"comment_status":"closed","ping_status":"closed","template":"","meta":{"inline_featured_image":false,"_joinchat":[],"footnotes":""},"class_list":["post-990142","page","type-page","status-publish","hentry"],"yoast_head":"<!-- This site is optimized with the Yoast SEO plugin v27.4 - https:\/\/yoast.com\/product\/yoast-seo-wordpress\/ -->\n<title>Survey - BioGroup<\/title>\n<meta name=\"robots\" content=\"index, follow, max-snippet:-1, max-image-preview:large, max-video-preview:-1\" \/>\n<link rel=\"canonical\" href=\"https:\/\/biogroup.com.ar\/en\/satisfaction-survey\/\" \/>\n<meta property=\"og:locale\" content=\"en_US\" \/>\n<meta property=\"og:type\" content=\"article\" \/>\n<meta property=\"og:title\" content=\"Survey - BioGroup\" \/>\n<meta property=\"og:description\" content=\"Customer Satisfaction Survey (2022) SENDING RESULTS &nbsp; Advice Technical Shipping time Results Quoted Value in Relation to the Service Provided MONITORING &nbsp; Coordination of Monitoring Staff Performance Monitoring Technician ADMINISTRATIVE MANAGEMENT &nbsp; Cordiality \/ Predisposition Capacity\/Knowledge Satisfaction in response Ease of communication Response time TECHNICAL CONSULTATIONS &nbsp; Cordiality \/ Predisposition Capacity\/Knowledge Satisfaction in response Ease...\" \/>\n<meta property=\"og:url\" content=\"https:\/\/biogroup.com.ar\/en\/satisfaction-survey\/\" \/>\n<meta property=\"og:site_name\" content=\"BioGroup\" \/>\n<meta property=\"article:modified_time\" content=\"2023-12-13T18:05:30+00:00\" \/>\n<meta name=\"twitter:card\" content=\"summary_large_image\" \/>\n<meta name=\"twitter:label1\" content=\"Est. reading time\" \/>\n\t<meta name=\"twitter:data1\" content=\"1 minute\" \/>\n<script type=\"application\/ld+json\" class=\"yoast-schema-graph\">{\"@context\":\"https:\\\/\\\/schema.org\",\"@graph\":[{\"@type\":\"WebPage\",\"@id\":\"https:\\\/\\\/biogroup.com.ar\\\/en\\\/satisfaction-survey\\\/\",\"url\":\"https:\\\/\\\/biogroup.com.ar\\\/en\\\/satisfaction-survey\\\/\",\"name\":\"Survey - BioGroup\",\"isPartOf\":{\"@id\":\"https:\\\/\\\/biogroup.com.ar\\\/#website\"},\"datePublished\":\"2022-11-07T21:46:03+00:00\",\"dateModified\":\"2023-12-13T18:05:30+00:00\",\"inLanguage\":\"en-US\",\"potentialAction\":[{\"@type\":\"ReadAction\",\"target\":[\"https:\\\/\\\/biogroup.com.ar\\\/en\\\/satisfaction-survey\\\/\"]}]},{\"@type\":\"WebSite\",\"@id\":\"https:\\\/\\\/biogroup.com.ar\\\/#website\",\"url\":\"https:\\\/\\\/biogroup.com.ar\\\/\",\"name\":\"BioGroup\",\"description\":\"Centro de Investigaci\u00f3n Cient\u00edfica y Tecnol\u00f3gica\",\"publisher\":{\"@id\":\"https:\\\/\\\/biogroup.com.ar\\\/#organization\"},\"potentialAction\":[{\"@type\":\"SearchAction\",\"target\":{\"@type\":\"EntryPoint\",\"urlTemplate\":\"https:\\\/\\\/biogroup.com.ar\\\/?s={search_term_string}\"},\"query-input\":{\"@type\":\"PropertyValueSpecification\",\"valueRequired\":true,\"valueName\":\"search_term_string\"}}],\"inLanguage\":\"en-US\"},{\"@type\":\"Organization\",\"@id\":\"https:\\\/\\\/biogroup.com.ar\\\/#organization\",\"name\":\"BioGroup\",\"url\":\"https:\\\/\\\/biogroup.com.ar\\\/\",\"logo\":{\"@type\":\"ImageObject\",\"inLanguage\":\"en-US\",\"@id\":\"https:\\\/\\\/biogroup.com.ar\\\/#\\\/schema\\\/logo\\\/image\\\/\",\"url\":\"https:\\\/\\\/biogroup.com.ar\\\/wp-content\\\/uploads\\\/2024\\\/10\\\/cropped-logo-1.jpg\",\"contentUrl\":\"https:\\\/\\\/biogroup.com.ar\\\/wp-content\\\/uploads\\\/2024\\\/10\\\/cropped-logo-1.jpg\",\"width\":573,\"height\":145,\"caption\":\"BioGroup\"},\"image\":{\"@id\":\"https:\\\/\\\/biogroup.com.ar\\\/#\\\/schema\\\/logo\\\/image\\\/\"}}]}<\/script>\n<!-- \/ Yoast SEO plugin. -->","yoast_head_json":{"title":"Survey - BioGroup","robots":{"index":"index","follow":"follow","max-snippet":"max-snippet:-1","max-image-preview":"max-image-preview:large","max-video-preview":"max-video-preview:-1"},"canonical":"https:\/\/biogroup.com.ar\/en\/satisfaction-survey\/","og_locale":"en_US","og_type":"article","og_title":"Survey - BioGroup","og_description":"Customer Satisfaction Survey (2022) SENDING RESULTS &nbsp; Advice Technical Shipping time Results Quoted Value in Relation to the Service Provided MONITORING &nbsp; Coordination of Monitoring Staff Performance Monitoring Technician ADMINISTRATIVE MANAGEMENT &nbsp; Cordiality \/ Predisposition Capacity\/Knowledge Satisfaction in response Ease of communication Response time TECHNICAL CONSULTATIONS &nbsp; Cordiality \/ Predisposition Capacity\/Knowledge Satisfaction in response Ease...","og_url":"https:\/\/biogroup.com.ar\/en\/satisfaction-survey\/","og_site_name":"BioGroup","article_modified_time":"2023-12-13T18:05:30+00:00","twitter_card":"summary_large_image","twitter_misc":{"Est. reading time":"1 minute"},"schema":{"@context":"https:\/\/schema.org","@graph":[{"@type":"WebPage","@id":"https:\/\/biogroup.com.ar\/en\/satisfaction-survey\/","url":"https:\/\/biogroup.com.ar\/en\/satisfaction-survey\/","name":"Survey - BioGroup","isPartOf":{"@id":"https:\/\/biogroup.com.ar\/#website"},"datePublished":"2022-11-07T21:46:03+00:00","dateModified":"2023-12-13T18:05:30+00:00","inLanguage":"en-US","potentialAction":[{"@type":"ReadAction","target":["https:\/\/biogroup.com.ar\/en\/satisfaction-survey\/"]}]},{"@type":"WebSite","@id":"https:\/\/biogroup.com.ar\/#website","url":"https:\/\/biogroup.com.ar\/","name":"BioGroup","description":"Centro de Investigaci\u00f3n Cient\u00edfica y Tecnol\u00f3gica","publisher":{"@id":"https:\/\/biogroup.com.ar\/#organization"},"potentialAction":[{"@type":"SearchAction","target":{"@type":"EntryPoint","urlTemplate":"https:\/\/biogroup.com.ar\/?s={search_term_string}"},"query-input":{"@type":"PropertyValueSpecification","valueRequired":true,"valueName":"search_term_string"}}],"inLanguage":"en-US"},{"@type":"Organization","@id":"https:\/\/biogroup.com.ar\/#organization","name":"BioGroup","url":"https:\/\/biogroup.com.ar\/","logo":{"@type":"ImageObject","inLanguage":"en-US","@id":"https:\/\/biogroup.com.ar\/#\/schema\/logo\/image\/","url":"https:\/\/biogroup.com.ar\/wp-content\/uploads\/2024\/10\/cropped-logo-1.jpg","contentUrl":"https:\/\/biogroup.com.ar\/wp-content\/uploads\/2024\/10\/cropped-logo-1.jpg","width":573,"height":145,"caption":"BioGroup"},"image":{"@id":"https:\/\/biogroup.com.ar\/#\/schema\/logo\/image\/"}}]}},"_links":{"self":[{"href":"https:\/\/biogroup.com.ar\/en\/wp-json\/wp\/v2\/pages\/990142","targetHints":{"allow":["GET"]}}],"collection":[{"href":"https:\/\/biogroup.com.ar\/en\/wp-json\/wp\/v2\/pages"}],"about":[{"href":"https:\/\/biogroup.com.ar\/en\/wp-json\/wp\/v2\/types\/page"}],"author":[{"embeddable":true,"href":"https:\/\/biogroup.com.ar\/en\/wp-json\/wp\/v2\/users\/3"}],"replies":[{"embeddable":true,"href":"https:\/\/biogroup.com.ar\/en\/wp-json\/wp\/v2\/comments?post=990142"}],"version-history":[{"count":8,"href":"https:\/\/biogroup.com.ar\/en\/wp-json\/wp\/v2\/pages\/990142\/revisions"}],"predecessor-version":[{"id":990966,"href":"https:\/\/biogroup.com.ar\/en\/wp-json\/wp\/v2\/pages\/990142\/revisions\/990966"}],"wp:attachment":[{"href":"https:\/\/biogroup.com.ar\/en\/wp-json\/wp\/v2\/media?parent=990142"}],"curies":[{"name":"wp","href":"https:\/\/api.w.org\/{rel}","templated":true}]}}