{"id":990124,"date":"2022-11-17T13:05:25","date_gmt":"2022-11-17T16:05:25","guid":{"rendered":"https:\/\/biogroup.com.ar\/geophysical-exploration\/"},"modified":"2023-01-23T20:52:20","modified_gmt":"2023-01-23T23:52:20","slug":"geophysical-exploration","status":"publish","type":"page","link":"https:\/\/biogroup.com.ar\/en\/geophysical-exploration\/","title":{"rendered":"Geophysical Exploration"},"content":{"rendered":"<div class=\"vgblk-rw-wrapper limit-wrapper\">\n<img loading=\"lazy\" decoding=\"async\" loading=\"lazy\" src=\"https:\/\/biogroup.com.ar\/wp-content\/uploads\/2022\/11\/gps-crop-u48671_2x.jpg\" alt=\"gps-crop-u48671_2x\" itemprop=\"image\" height=\"770\" width=\"920\" title=\"gps-crop-u48671_2x\" onerror=\"this.style.display='none'\" sizes=\"auto, (max-width: 768px) 100vw, 100vw\" srcset=\"https:\/\/biogroup.com.ar\/wp-content\/uploads\/2022\/11\/gps-crop-u48671_2x.jpg 920w, https:\/\/biogroup.com.ar\/wp-content\/uploads\/2022\/11\/gps-crop-u48671_2x-300x251.jpg 300w, https:\/\/biogroup.com.ar\/wp-content\/uploads\/2022\/11\/gps-crop-u48671_2x-768x643.jpg 768w, https:\/\/biogroup.com.ar\/wp-content\/uploads\/2022\/11\/gps-crop-u48671_2x-630x527.jpg 630w, https:\/\/biogroup.com.ar\/wp-content\/uploads\/2022\/11\/gps-crop-u48671_2x-420x352.jpg 420w, https:\/\/biogroup.com.ar\/wp-content\/uploads\/2022\/11\/gps-crop-u48671_2x-840x703.jpg 840w, https:\/\/biogroup.com.ar\/wp-content\/uploads\/2022\/11\/gps-crop-u48671_2x-315x264.jpg 315w\">\t\t\t\t\t\t\t\n<h2>ESTUDIOS CON GEORADAR<\/h2>\n<p>El Georadar es un dispositivo que a trav\u00e9s de m\u00e9todos NO destructivos permite localizar todo tipo de elementos enterrados, como tuber\u00edas, cables, vestigios arqueol\u00f3gicos, grietas y huecos en el subsuelo.&nbsp;El Georadar busca anomal\u00edas o diferencias en el subsuelo emitiendo un pulso, el cual es recibido de vuelta por rebote e interpretado como diferencias discontinuas que indican la presencia de huecos, objetos, y diferencias geof\u00edsicas.<\/p>\n<p>EL Georadar permite a nuestros clientes localizar toda clase de elementos enterrados, empleando m\u00e9todos de prospecci\u00f3n Geof\u00edsica, proporcionando as\u00ed informaci\u00f3n certera mediante la cual pueda soportar la planificaci\u00f3n de proyectos, como l\u00edneas de transmisi\u00f3n subterr\u00e1neas, ampliaciones de v\u00edas, construcci\u00f3n de edificaciones, integridad del terreno, estado del asfalto y concreto, entre otros.<\/p>\n<p>La principal ventaja del georadar es que NO se requiere romper o perforar para conocer el estado y las dimensiones exactas de las estructuras enterradas. Al hacer recorridos se puede realizar un modelo preciso del subsuelo y las estructuras existentes.<\/p>\n\t\t\t\t\t\t\t<img loading=\"lazy\" decoding=\"async\" loading=\"lazy\" src=\"https:\/\/biogroup.com.ar\/wp-content\/uploads\/2022\/11\/GPR-imagen-1.jpg\" alt=\"GPR-imagen-1\" itemprop=\"image\" height=\"575\" width=\"1228\" title=\"GPR-imagen-1\" onerror=\"this.style.display='none'\" sizes=\"auto, (max-width: 768px) 100vw, 100vw\" srcset=\"https:\/\/biogroup.com.ar\/wp-content\/uploads\/2022\/11\/GPR-imagen-1.jpg 1228w, https:\/\/biogroup.com.ar\/wp-content\/uploads\/2022\/11\/GPR-imagen-1-300x140.jpg 300w, https:\/\/biogroup.com.ar\/wp-content\/uploads\/2022\/11\/GPR-imagen-1-1024x479.jpg 1024w, https:\/\/biogroup.com.ar\/wp-content\/uploads\/2022\/11\/GPR-imagen-1-768x360.jpg 768w, https:\/\/biogroup.com.ar\/wp-content\/uploads\/2022\/11\/GPR-imagen-1-630x295.jpg 630w, https:\/\/biogroup.com.ar\/wp-content\/uploads\/2022\/11\/GPR-imagen-1-420x197.jpg 420w, https:\/\/biogroup.com.ar\/wp-content\/uploads\/2022\/11\/GPR-imagen-1-840x393.jpg 840w, https:\/\/biogroup.com.ar\/wp-content\/uploads\/2022\/11\/GPR-imagen-1-315x147.jpg 315w\">\t\t\t\t\t\t\t\n<h2>DETECCI\u00d3N, SEGUIMIENTO Y MAPEO DE CA\u00d1ER\u00cdAS ENTERRADAS<\/h2>\n<p>Tenemos amplia experiencia en la detecci\u00f3n y localizaci\u00f3n de todo tipo de tuber\u00edas enterradas y disponemos de la tecnolog\u00eda m\u00e1s avanzada. Nuestro equipamiento nos permite adem\u00e1s detectar tanques de almacenaje y l\u00edneas de servicio subterr\u00e1neos, desechos peligrosos y tambores enterrados.<\/p>\n\t\t\t\t\t\t\t<img loading=\"lazy\" decoding=\"async\" loading=\"lazy\" src=\"https:\/\/biogroup.com.ar\/wp-content\/uploads\/2022\/11\/Graficos-GPR.jpg\" alt=\"Graficos-GPR\" itemprop=\"image\" height=\"888\" width=\"363\" title=\"Graficos-GPR\" onerror=\"this.style.display='none'\" sizes=\"auto, (max-width: 768px) 100vw, 100vw\" srcset=\"https:\/\/biogroup.com.ar\/wp-content\/uploads\/2022\/11\/Graficos-GPR.jpg 363w, https:\/\/biogroup.com.ar\/wp-content\/uploads\/2022\/11\/Graficos-GPR-123x300.jpg 123w, https:\/\/biogroup.com.ar\/wp-content\/uploads\/2022\/11\/Graficos-GPR-315x771.jpg 315w\">\t\t\t\t\t\t\t\n<h2>PODEMOS ENCONTRAR TODO TIPO DE ESTRUCTURAS ENTERRADAS<\/h2>\n<ul>\n<li>\n<h3>Estudio de \u00e1reas contaminadas, detecci\u00f3n y mapeo de la pluma de contaminaci\u00f3n<\/h3>\n<\/li>\n<li>\n<h3>Detecci\u00f3n de instalaciones y estructuras subterr\u00e1neas<\/h3>\n<\/li>\n<li>\n<h3>B\u00fasqueda y localizaci\u00f3n de tuber\u00edas de pl\u00e1stico o PVC<\/h3>\n<\/li>\n<li>\n<h3>B\u00fasqueda y localizaci\u00f3n de tuber\u00edas de metal<\/h3>\n<\/li>\n<li>\n<h3>Detecci\u00f3n de huecos y fracturas bajo el pavimento<\/h3>\n<\/li>\n<li>\n<h3>B\u00fasqueda y localizaci\u00f3n de fugas y humedades<\/h3>\n<\/li>\n<li>\n<h3>B\u00fasqueda y localizaci\u00f3n de objetos enterrados<\/h3>\n<\/li>\n<li>\n<h3>Localizaci\u00f3n de l\u00edneas enterradas<\/h3>\n<\/li>\n<li>\n<h3>Localizaci\u00f3n de t\u00faneles<\/h3>\n<\/li>\n<li>\n<h3>Localizaci\u00f3n de tanques enterrados<\/h3>\n<\/li>\n<li>\n<h3>Arqueolog\u00eda y mapeo de estructuras<\/h3>\n<\/li>\n<li>\n<h3>Inspecci\u00f3n, an\u00e1lisis y evaluaci\u00f3n del concreto<\/h3>\n<\/li>\n<li>\n<h3>Detecci\u00f3n de grietas en puentes y pavimentos<\/h3>\n<\/li>\n<\/ul>\n<h2>\n\tConsulte a un experto\n\t<\/h2>\n<h5>\n\tAqu\u00ed usted tambi\u00e9n puede solicitar un presupuesto\n\t<\/h5>\n\t<a href=\"https:\/\/biogroup.com.ar\/en\/contact\/\" target=\"_self\" role=\"button\" rel=\"noopener\">\n\t\t\t\t\tContacto\n\t<\/a>\n<\/div><!-- .vgblk-rw-wrapper -->","protected":false},"excerpt":{"rendered":"<p>ESTUDIOS CON GEORADAR El Georadar es un dispositivo que a trav\u00e9s de m\u00e9todos NO destructivos permite localizar todo tipo de elementos enterrados, como tuber\u00edas, cables, vestigios arqueol\u00f3gicos, grietas y huecos en el subsuelo.&nbsp;El Georadar busca anomal\u00edas o diferencias en el subsuelo emitiendo un pulso, el cual es recibido de vuelta por rebote e interpretado como&#8230;<\/p>\n","protected":false},"author":3,"featured_media":0,"parent":0,"menu_order":0,"comment_status":"closed","ping_status":"closed","template":"","meta":{"inline_featured_image":false,"_joinchat":[],"footnotes":""},"class_list":["post-990124","page","type-page","status-publish","hentry"],"yoast_head":"<!-- This site is optimized with the Yoast SEO plugin v27.6 - https:\/\/yoast.com\/product\/yoast-seo-wordpress\/ -->\n<title>Geophysical Exploration - BioGroup<\/title>\n<meta name=\"robots\" content=\"index, follow, max-snippet:-1, max-image-preview:large, max-video-preview:-1\" \/>\n<link rel=\"canonical\" href=\"https:\/\/biogroup.com.ar\/en\/geophysical-exploration\/\" \/>\n<meta property=\"og:locale\" content=\"en_US\" \/>\n<meta property=\"og:type\" content=\"article\" \/>\n<meta property=\"og:title\" content=\"Geophysical Exploration - BioGroup\" \/>\n<meta property=\"og:description\" content=\"ESTUDIOS CON GEORADAR El Georadar es un dispositivo que a trav\u00e9s de m\u00e9todos NO destructivos permite localizar todo tipo de elementos enterrados, como tuber\u00edas, cables, vestigios arqueol\u00f3gicos, grietas y huecos en el subsuelo.&nbsp;El Georadar busca anomal\u00edas o diferencias en el subsuelo emitiendo un pulso, el cual es recibido de vuelta por rebote e interpretado como...\" \/>\n<meta property=\"og:url\" content=\"https:\/\/biogroup.com.ar\/en\/geophysical-exploration\/\" \/>\n<meta property=\"og:site_name\" content=\"BioGroup\" \/>\n<meta property=\"article:modified_time\" content=\"2023-01-23T23:52:20+00:00\" \/>\n<meta property=\"og:image\" content=\"https:\/\/biogroup.com.ar\/wp-content\/uploads\/2022\/11\/gps-crop-u48671_2x.jpg\" \/>\n<meta name=\"twitter:card\" content=\"summary_large_image\" \/>\n<meta name=\"twitter:label1\" content=\"Est. reading time\" \/>\n\t<meta name=\"twitter:data1\" content=\"2 minutes\" \/>\n<script type=\"application\/ld+json\" class=\"yoast-schema-graph\">{\"@context\":\"https:\\\/\\\/schema.org\",\"@graph\":[{\"@type\":\"WebPage\",\"@id\":\"https:\\\/\\\/biogroup.com.ar\\\/en\\\/geophysical-exploration\\\/\",\"url\":\"https:\\\/\\\/biogroup.com.ar\\\/en\\\/geophysical-exploration\\\/\",\"name\":\"Geophysical Exploration - BioGroup\",\"isPartOf\":{\"@id\":\"https:\\\/\\\/biogroup.com.ar\\\/#website\"},\"primaryImageOfPage\":{\"@id\":\"https:\\\/\\\/biogroup.com.ar\\\/en\\\/geophysical-exploration\\\/#primaryimage\"},\"image\":{\"@id\":\"https:\\\/\\\/biogroup.com.ar\\\/en\\\/geophysical-exploration\\\/#primaryimage\"},\"thumbnailUrl\":\"https:\\\/\\\/biogroup.com.ar\\\/wp-content\\\/uploads\\\/2022\\\/11\\\/gps-crop-u48671_2x.jpg\",\"datePublished\":\"2022-11-17T16:05:25+00:00\",\"dateModified\":\"2023-01-23T23:52:20+00:00\",\"inLanguage\":\"en-US\",\"potentialAction\":[{\"@type\":\"ReadAction\",\"target\":[\"https:\\\/\\\/biogroup.com.ar\\\/en\\\/geophysical-exploration\\\/\"]}]},{\"@type\":\"ImageObject\",\"inLanguage\":\"en-US\",\"@id\":\"https:\\\/\\\/biogroup.com.ar\\\/en\\\/geophysical-exploration\\\/#primaryimage\",\"url\":\"https:\\\/\\\/biogroup.com.ar\\\/wp-content\\\/uploads\\\/2022\\\/11\\\/gps-crop-u48671_2x.jpg\",\"contentUrl\":\"https:\\\/\\\/biogroup.com.ar\\\/wp-content\\\/uploads\\\/2022\\\/11\\\/gps-crop-u48671_2x.jpg\"},{\"@type\":\"WebSite\",\"@id\":\"https:\\\/\\\/biogroup.com.ar\\\/#website\",\"url\":\"https:\\\/\\\/biogroup.com.ar\\\/\",\"name\":\"BioGroup\",\"description\":\"Centro de Investigaci\u00f3n Cient\u00edfica y Tecnol\u00f3gica\",\"publisher\":{\"@id\":\"https:\\\/\\\/biogroup.com.ar\\\/#organization\"},\"potentialAction\":[{\"@type\":\"SearchAction\",\"target\":{\"@type\":\"EntryPoint\",\"urlTemplate\":\"https:\\\/\\\/biogroup.com.ar\\\/?s={search_term_string}\"},\"query-input\":{\"@type\":\"PropertyValueSpecification\",\"valueRequired\":true,\"valueName\":\"search_term_string\"}}],\"inLanguage\":\"en-US\"},{\"@type\":\"Organization\",\"@id\":\"https:\\\/\\\/biogroup.com.ar\\\/#organization\",\"name\":\"BioGroup\",\"url\":\"https:\\\/\\\/biogroup.com.ar\\\/\",\"logo\":{\"@type\":\"ImageObject\",\"inLanguage\":\"en-US\",\"@id\":\"https:\\\/\\\/biogroup.com.ar\\\/#\\\/schema\\\/logo\\\/image\\\/\",\"url\":\"https:\\\/\\\/biogroup.com.ar\\\/wp-content\\\/uploads\\\/2024\\\/10\\\/cropped-logo-1.jpg\",\"contentUrl\":\"https:\\\/\\\/biogroup.com.ar\\\/wp-content\\\/uploads\\\/2024\\\/10\\\/cropped-logo-1.jpg\",\"width\":573,\"height\":145,\"caption\":\"BioGroup\"},\"image\":{\"@id\":\"https:\\\/\\\/biogroup.com.ar\\\/#\\\/schema\\\/logo\\\/image\\\/\"}}]}<\/script>\n<!-- \/ Yoast SEO plugin. -->","yoast_head_json":{"title":"Geophysical Exploration - BioGroup","robots":{"index":"index","follow":"follow","max-snippet":"max-snippet:-1","max-image-preview":"max-image-preview:large","max-video-preview":"max-video-preview:-1"},"canonical":"https:\/\/biogroup.com.ar\/en\/geophysical-exploration\/","og_locale":"en_US","og_type":"article","og_title":"Geophysical Exploration - BioGroup","og_description":"ESTUDIOS CON GEORADAR El Georadar es un dispositivo que a trav\u00e9s de m\u00e9todos NO destructivos permite localizar todo tipo de elementos enterrados, como tuber\u00edas, cables, vestigios arqueol\u00f3gicos, grietas y huecos en el subsuelo.&nbsp;El Georadar busca anomal\u00edas o diferencias en el subsuelo emitiendo un pulso, el cual es recibido de vuelta por rebote e interpretado como...","og_url":"https:\/\/biogroup.com.ar\/en\/geophysical-exploration\/","og_site_name":"BioGroup","article_modified_time":"2023-01-23T23:52:20+00:00","og_image":[{"url":"https:\/\/biogroup.com.ar\/wp-content\/uploads\/2022\/11\/gps-crop-u48671_2x.jpg","type":"","width":"","height":""}],"twitter_card":"summary_large_image","twitter_misc":{"Est. reading time":"2 minutes"},"schema":{"@context":"https:\/\/schema.org","@graph":[{"@type":"WebPage","@id":"https:\/\/biogroup.com.ar\/en\/geophysical-exploration\/","url":"https:\/\/biogroup.com.ar\/en\/geophysical-exploration\/","name":"Geophysical Exploration - BioGroup","isPartOf":{"@id":"https:\/\/biogroup.com.ar\/#website"},"primaryImageOfPage":{"@id":"https:\/\/biogroup.com.ar\/en\/geophysical-exploration\/#primaryimage"},"image":{"@id":"https:\/\/biogroup.com.ar\/en\/geophysical-exploration\/#primaryimage"},"thumbnailUrl":"https:\/\/biogroup.com.ar\/wp-content\/uploads\/2022\/11\/gps-crop-u48671_2x.jpg","datePublished":"2022-11-17T16:05:25+00:00","dateModified":"2023-01-23T23:52:20+00:00","inLanguage":"en-US","potentialAction":[{"@type":"ReadAction","target":["https:\/\/biogroup.com.ar\/en\/geophysical-exploration\/"]}]},{"@type":"ImageObject","inLanguage":"en-US","@id":"https:\/\/biogroup.com.ar\/en\/geophysical-exploration\/#primaryimage","url":"https:\/\/biogroup.com.ar\/wp-content\/uploads\/2022\/11\/gps-crop-u48671_2x.jpg","contentUrl":"https:\/\/biogroup.com.ar\/wp-content\/uploads\/2022\/11\/gps-crop-u48671_2x.jpg"},{"@type":"WebSite","@id":"https:\/\/biogroup.com.ar\/#website","url":"https:\/\/biogroup.com.ar\/","name":"BioGroup","description":"Centro de Investigaci\u00f3n Cient\u00edfica y Tecnol\u00f3gica","publisher":{"@id":"https:\/\/biogroup.com.ar\/#organization"},"potentialAction":[{"@type":"SearchAction","target":{"@type":"EntryPoint","urlTemplate":"https:\/\/biogroup.com.ar\/?s={search_term_string}"},"query-input":{"@type":"PropertyValueSpecification","valueRequired":true,"valueName":"search_term_string"}}],"inLanguage":"en-US"},{"@type":"Organization","@id":"https:\/\/biogroup.com.ar\/#organization","name":"BioGroup","url":"https:\/\/biogroup.com.ar\/","logo":{"@type":"ImageObject","inLanguage":"en-US","@id":"https:\/\/biogroup.com.ar\/#\/schema\/logo\/image\/","url":"https:\/\/biogroup.com.ar\/wp-content\/uploads\/2024\/10\/cropped-logo-1.jpg","contentUrl":"https:\/\/biogroup.com.ar\/wp-content\/uploads\/2024\/10\/cropped-logo-1.jpg","width":573,"height":145,"caption":"BioGroup"},"image":{"@id":"https:\/\/biogroup.com.ar\/#\/schema\/logo\/image\/"}}]}},"_links":{"self":[{"href":"https:\/\/biogroup.com.ar\/en\/wp-json\/wp\/v2\/pages\/990124","targetHints":{"allow":["GET"]}}],"collection":[{"href":"https:\/\/biogroup.com.ar\/en\/wp-json\/wp\/v2\/pages"}],"about":[{"href":"https:\/\/biogroup.com.ar\/en\/wp-json\/wp\/v2\/types\/page"}],"author":[{"embeddable":true,"href":"https:\/\/biogroup.com.ar\/en\/wp-json\/wp\/v2\/users\/3"}],"replies":[{"embeddable":true,"href":"https:\/\/biogroup.com.ar\/en\/wp-json\/wp\/v2\/comments?post=990124"}],"version-history":[{"count":1,"href":"https:\/\/biogroup.com.ar\/en\/wp-json\/wp\/v2\/pages\/990124\/revisions"}],"predecessor-version":[{"id":990125,"href":"https:\/\/biogroup.com.ar\/en\/wp-json\/wp\/v2\/pages\/990124\/revisions\/990125"}],"wp:attachment":[{"href":"https:\/\/biogroup.com.ar\/en\/wp-json\/wp\/v2\/media?parent=990124"}],"curies":[{"name":"wp","href":"https:\/\/api.w.org\/{rel}","templated":true}]}}