{"id":990117,"date":"2022-12-06T17:09:20","date_gmt":"2022-12-06T20:09:20","guid":{"rendered":"https:\/\/biogroup.com.ar\/equipment\/"},"modified":"2023-02-02T16:18:26","modified_gmt":"2023-02-02T19:18:26","slug":"equipment","status":"publish","type":"page","link":"https:\/\/biogroup.com.ar\/en\/equipment\/","title":{"rendered":"Equipment"},"content":{"rendered":"<div class=\"vgblk-rw-wrapper limit-wrapper\">\n\n\t\t\tINSTRUMENTAL DE LABORATORIO\n\t\t<p>Cromat\u00f3grafo Gaseoso con Detector FID \/ ECDCromat\u00f3grafo Gaseoso con Detector de MasasCromat\u00f3grafo Gaseoso con Detector FID \/ TCDCromat\u00f3grafo L\u00edquido de Alta PerfomanceEspectr\u00f3metro de Absorci\u00f3n At\u00f3micaGenerador de Hidruros y de Vapor Fr\u00edoHorno de GrafitoCromat\u00f3grafo I\u00f3nicoCampana de Flujo LaminarCabina de Seguridad Biol\u00f3gicaIncubadora Fr\u00edo CalorIncubadora con Control de FotoperiodoEspectrofot\u00f3metros UV\/VISAnalizador Infrarrojo para Hidrocarburos Totales del Petr\u00f3leoDigestor de Muestras por MicroondasFloc TesterC\u00e1maras para Ensayos de Toxicidad AgudaMicroscopio \u00d3ptico DigitalMicroscopio de Contraste de FasesMicroscopio de Florescencia<\/p>\n\t\t\tEQUIPAMIENTO DE CAMPO\n\t\t<p>Muestreador Isocin\u00e9tico Autom\u00e1ticoAnalizadores\u00a0de Gases de Combusti\u00f3nAnalizador de RadiofrecuenciasMedidores de ExplosividadMedidores de RadioactividadAnalizador\u00a0de Gas RadonAnalizador de Mon\u00f3xido de CarbonoAnalizador de Di\u00f3xido de CarbonoDecibel\u00edmetros con Banda de OctavasMedidores de Radiaciones Electromagn\u00e9ticasEquipo para Sondeo El\u00e9ctrico VerticalMedidor de Carga T\u00e9rmicaBombas para Muestreo de Aire de Bajo y Alto CaudalCalibrador de BombasCalibrador Ac\u00fasticoMedidor LaserRadi\u00f3metro de Ondas Electromagn\u00e9ticasRadi\u00f3metro\u00a0\u03b1,\u00a0\u03b2,\u00a0\u03b3, XSonda Interfase Agua &#8211; HidrocarburoSonda Multifunci\u00f3nTelur\u00edmetroEstaciones Meteorol\u00f3gicas Port\u00e1tilesTermoanem\u00f3metro DigitalAnalizador de VibracionesMedidor de Radiaci\u00f3n UltravioletaMedidor de Radiaci\u00f3n InfrarrojaLux\u00f3metrosDos\u00edmetros de RuidoErgonomics Testing KitMedidores Port\u00e1tiles de Ox\u00edgeno Disuelto, Conductividad y pH.Medidores Port\u00e1tiles de Sodio y Potasio.Boroscopios de 2 m y de\u00a020 mMuestreadores y perforadores de suelo Eijkelkamp<\/p>\n\t<div id='gallery-1' class='gallery galleryid-990117 gallery-columns-6 gallery-size-thumbnail'><figure class='gallery-item'>\n\t\t\t<div class='gallery-icon portrait'>\n\t\t\t\t<a href='https:\/\/biogroup.com.ar\/wp-content\/uploads\/2022\/12\/AA2-e1530743045278.jpeg'><img decoding=\"async\" width=\"150\" height=\"150\" src=\"https:\/\/biogroup.com.ar\/wp-content\/uploads\/2022\/12\/AA2-e1530743045278-150x150.jpeg\" class=\"attachment-thumbnail size-thumbnail\" alt=\"\" srcset=\"https:\/\/biogroup.com.ar\/wp-content\/uploads\/2022\/12\/AA2-e1530743045278-150x150.jpeg 150w, https:\/\/biogroup.com.ar\/wp-content\/uploads\/2022\/12\/AA2-e1530743045278-315x315.jpeg 315w, https:\/\/biogroup.com.ar\/wp-content\/uploads\/2022\/12\/AA2-e1530743045278-100x100.jpeg 100w\" sizes=\"(max-width: 150px) 100vw, 150px\" \/><\/a>\n\t\t\t<\/div><\/figure><figure class='gallery-item'>\n\t\t\t<div class='gallery-icon portrait'>\n\t\t\t\t<a href='https:\/\/biogroup.com.ar\/wp-content\/uploads\/2022\/12\/GC1-e1530743023810.jpeg'><img decoding=\"async\" width=\"150\" height=\"150\" src=\"https:\/\/biogroup.com.ar\/wp-content\/uploads\/2022\/12\/GC1-e1530743023810-150x150.jpeg\" class=\"attachment-thumbnail size-thumbnail\" alt=\"\" srcset=\"https:\/\/biogroup.com.ar\/wp-content\/uploads\/2022\/12\/GC1-e1530743023810-150x150.jpeg 150w, https:\/\/biogroup.com.ar\/wp-content\/uploads\/2022\/12\/GC1-e1530743023810-315x315.jpeg 315w, https:\/\/biogroup.com.ar\/wp-content\/uploads\/2022\/12\/GC1-e1530743023810-100x100.jpeg 100w\" sizes=\"(max-width: 150px) 100vw, 150px\" \/><\/a>\n\t\t\t<\/div><\/figure><figure class='gallery-item'>\n\t\t\t<div class='gallery-icon portrait'>\n\t\t\t\t<a href='https:\/\/biogroup.com.ar\/wp-content\/uploads\/2022\/12\/IC-e1530742955694.jpeg'><img decoding=\"async\" width=\"150\" height=\"150\" src=\"https:\/\/biogroup.com.ar\/wp-content\/uploads\/2022\/12\/IC-e1530742955694-150x150.jpeg\" class=\"attachment-thumbnail size-thumbnail\" alt=\"\" srcset=\"https:\/\/biogroup.com.ar\/wp-content\/uploads\/2022\/12\/IC-e1530742955694-150x150.jpeg 150w, https:\/\/biogroup.com.ar\/wp-content\/uploads\/2022\/12\/IC-e1530742955694-315x315.jpeg 315w, https:\/\/biogroup.com.ar\/wp-content\/uploads\/2022\/12\/IC-e1530742955694-100x100.jpeg 100w\" sizes=\"(max-width: 150px) 100vw, 150px\" \/><\/a>\n\t\t\t<\/div><\/figure><figure class='gallery-item'>\n\t\t\t<div class='gallery-icon portrait'>\n\t\t\t\t<a href='https:\/\/biogroup.com.ar\/wp-content\/uploads\/2022\/12\/MS-e1530742814999.jpeg'><img loading=\"lazy\" decoding=\"async\" width=\"150\" height=\"150\" src=\"https:\/\/biogroup.com.ar\/wp-content\/uploads\/2022\/12\/MS-e1530742814999-150x150.jpeg\" class=\"attachment-thumbnail size-thumbnail\" alt=\"\" srcset=\"https:\/\/biogroup.com.ar\/wp-content\/uploads\/2022\/12\/MS-e1530742814999-150x150.jpeg 150w, https:\/\/biogroup.com.ar\/wp-content\/uploads\/2022\/12\/MS-e1530742814999-315x315.jpeg 315w, https:\/\/biogroup.com.ar\/wp-content\/uploads\/2022\/12\/MS-e1530742814999-100x100.jpeg 100w\" sizes=\"(max-width: 150px) 100vw, 150px\" \/><\/a>\n\t\t\t<\/div><\/figure><figure class='gallery-item'>\n\t\t\t<div class='gallery-icon portrait'>\n\t\t\t\t<a href='https:\/\/biogroup.com.ar\/wp-content\/uploads\/2022\/12\/aa-e1530743066752.jpeg'><img loading=\"lazy\" decoding=\"async\" width=\"150\" height=\"150\" src=\"https:\/\/biogroup.com.ar\/wp-content\/uploads\/2022\/12\/aa-e1530743066752-150x150.jpeg\" class=\"attachment-thumbnail size-thumbnail\" alt=\"\" srcset=\"https:\/\/biogroup.com.ar\/wp-content\/uploads\/2022\/12\/aa-e1530743066752-150x150.jpeg 150w, https:\/\/biogroup.com.ar\/wp-content\/uploads\/2022\/12\/aa-e1530743066752-315x315.jpeg 315w, https:\/\/biogroup.com.ar\/wp-content\/uploads\/2022\/12\/aa-e1530743066752-100x100.jpeg 100w\" sizes=\"(max-width: 150px) 100vw, 150px\" \/><\/a>\n\t\t\t<\/div><\/figure><figure class='gallery-item'>\n\t\t\t<div class='gallery-icon portrait'>\n\t\t\t\t<a href='https:\/\/biogroup.com.ar\/wp-content\/uploads\/2022\/12\/hplc2-e1530742985877.jpeg'><img loading=\"lazy\" decoding=\"async\" width=\"150\" height=\"150\" src=\"https:\/\/biogroup.com.ar\/wp-content\/uploads\/2022\/12\/hplc2-e1530742985877-150x150.jpeg\" class=\"attachment-thumbnail size-thumbnail\" alt=\"\" srcset=\"https:\/\/biogroup.com.ar\/wp-content\/uploads\/2022\/12\/hplc2-e1530742985877-150x150.jpeg 150w, https:\/\/biogroup.com.ar\/wp-content\/uploads\/2022\/12\/hplc2-e1530742985877-315x315.jpeg 315w, https:\/\/biogroup.com.ar\/wp-content\/uploads\/2022\/12\/hplc2-e1530742985877-100x100.jpeg 100w\" sizes=\"(max-width: 150px) 100vw, 150px\" \/><\/a>\n\t\t\t<\/div><\/figure><figure class='gallery-item'>\n\t\t\t<div class='gallery-icon portrait'>\n\t\t\t\t<a href='https:\/\/biogroup.com.ar\/wp-content\/uploads\/2022\/12\/hplc-e1530743005227.jpeg'><img loading=\"lazy\" decoding=\"async\" width=\"150\" height=\"150\" src=\"https:\/\/biogroup.com.ar\/wp-content\/uploads\/2022\/12\/hplc-e1530743005227-150x150.jpeg\" class=\"attachment-thumbnail size-thumbnail\" alt=\"\" srcset=\"https:\/\/biogroup.com.ar\/wp-content\/uploads\/2022\/12\/hplc-e1530743005227-150x150.jpeg 150w, https:\/\/biogroup.com.ar\/wp-content\/uploads\/2022\/12\/hplc-e1530743005227-315x315.jpeg 315w, https:\/\/biogroup.com.ar\/wp-content\/uploads\/2022\/12\/hplc-e1530743005227-100x100.jpeg 100w\" sizes=\"(max-width: 150px) 100vw, 150px\" \/><\/a>\n\t\t\t<\/div><\/figure><figure class='gallery-item'>\n\t\t\t<div class='gallery-icon portrait'>\n\t\t\t\t<a href='https:\/\/biogroup.com.ar\/wp-content\/uploads\/2022\/12\/ic2-e1530742937154.jpeg'><img loading=\"lazy\" decoding=\"async\" width=\"150\" height=\"150\" src=\"https:\/\/biogroup.com.ar\/wp-content\/uploads\/2022\/12\/ic2-e1530742937154-150x150.jpeg\" class=\"attachment-thumbnail size-thumbnail\" alt=\"\" srcset=\"https:\/\/biogroup.com.ar\/wp-content\/uploads\/2022\/12\/ic2-e1530742937154-150x150.jpeg 150w, https:\/\/biogroup.com.ar\/wp-content\/uploads\/2022\/12\/ic2-e1530742937154-315x315.jpeg 315w, https:\/\/biogroup.com.ar\/wp-content\/uploads\/2022\/12\/ic2-e1530742937154-100x100.jpeg 100w\" sizes=\"(max-width: 150px) 100vw, 150px\" \/><\/a>\n\t\t\t<\/div><\/figure><figure class='gallery-item'>\n\t\t\t<div class='gallery-icon portrait'>\n\t\t\t\t<a href='https:\/\/biogroup.com.ar\/wp-content\/uploads\/2022\/12\/ic3-e1530742917249.jpeg'><img loading=\"lazy\" decoding=\"async\" width=\"150\" height=\"150\" src=\"https:\/\/biogroup.com.ar\/wp-content\/uploads\/2022\/12\/ic3-e1530742917249-150x150.jpeg\" class=\"attachment-thumbnail size-thumbnail\" alt=\"\" srcset=\"https:\/\/biogroup.com.ar\/wp-content\/uploads\/2022\/12\/ic3-e1530742917249-150x150.jpeg 150w, https:\/\/biogroup.com.ar\/wp-content\/uploads\/2022\/12\/ic3-e1530742917249-315x315.jpeg 315w, https:\/\/biogroup.com.ar\/wp-content\/uploads\/2022\/12\/ic3-e1530742917249-100x100.jpeg 100w\" sizes=\"(max-width: 150px) 100vw, 150px\" \/><\/a>\n\t\t\t<\/div><\/figure><figure class='gallery-item'>\n\t\t\t<div class='gallery-icon portrait'>\n\t\t\t\t<a href='https:\/\/biogroup.com.ar\/wp-content\/uploads\/2022\/12\/ic4-e1530742893243.jpeg'><img loading=\"lazy\" decoding=\"async\" width=\"150\" height=\"150\" src=\"https:\/\/biogroup.com.ar\/wp-content\/uploads\/2022\/12\/ic4-e1530742893243-150x150.jpeg\" class=\"attachment-thumbnail size-thumbnail\" alt=\"\" srcset=\"https:\/\/biogroup.com.ar\/wp-content\/uploads\/2022\/12\/ic4-e1530742893243-150x150.jpeg 150w, https:\/\/biogroup.com.ar\/wp-content\/uploads\/2022\/12\/ic4-e1530742893243-315x315.jpeg 315w, https:\/\/biogroup.com.ar\/wp-content\/uploads\/2022\/12\/ic4-e1530742893243-100x100.jpeg 100w\" sizes=\"(max-width: 150px) 100vw, 150px\" \/><\/a>\n\t\t\t<\/div><\/figure><figure class='gallery-item'>\n\t\t\t<div class='gallery-icon portrait'>\n\t\t\t\t<a href='https:\/\/biogroup.com.ar\/wp-content\/uploads\/2022\/12\/ic5-e1530742856269.jpeg'><img loading=\"lazy\" decoding=\"async\" width=\"150\" height=\"150\" src=\"https:\/\/biogroup.com.ar\/wp-content\/uploads\/2022\/12\/ic5-e1530742856269-150x150.jpeg\" class=\"attachment-thumbnail size-thumbnail\" alt=\"\" srcset=\"https:\/\/biogroup.com.ar\/wp-content\/uploads\/2022\/12\/ic5-e1530742856269-150x150.jpeg 150w, https:\/\/biogroup.com.ar\/wp-content\/uploads\/2022\/12\/ic5-e1530742856269-315x315.jpeg 315w, https:\/\/biogroup.com.ar\/wp-content\/uploads\/2022\/12\/ic5-e1530742856269-100x100.jpeg 100w\" sizes=\"(max-width: 150px) 100vw, 150px\" \/><\/a>\n\t\t\t<\/div><\/figure><figure class='gallery-item'>\n\t\t\t<div class='gallery-icon portrait'>\n\t\t\t\t<a href='https:\/\/biogroup.com.ar\/wp-content\/uploads\/2022\/12\/microw-e1530742831590.jpeg'><img loading=\"lazy\" decoding=\"async\" width=\"150\" height=\"150\" src=\"https:\/\/biogroup.com.ar\/wp-content\/uploads\/2022\/12\/microw-e1530742831590-150x150.jpeg\" class=\"attachment-thumbnail size-thumbnail\" alt=\"\" srcset=\"https:\/\/biogroup.com.ar\/wp-content\/uploads\/2022\/12\/microw-e1530742831590-150x150.jpeg 150w, https:\/\/biogroup.com.ar\/wp-content\/uploads\/2022\/12\/microw-e1530742831590-315x315.jpeg 315w, https:\/\/biogroup.com.ar\/wp-content\/uploads\/2022\/12\/microw-e1530742831590-100x100.jpeg 100w\" sizes=\"(max-width: 150px) 100vw, 150px\" \/><\/a>\n\t\t\t<\/div><\/figure>\n\t\t<\/div>\n\n\t<h2>Ll\u00e1menos o bien<br \/>\n<strong>Envie el formulario<\/strong><\/h2>\n<h4>\n\t+54 341 425-6431\n\t<\/h4>\n<h4>\n\t+54 341 447-4486\n\t<\/h4>\n<h4>\n\tHorarios de Atenci\u00f3n\n\t<\/h4>\n\t<p>Lunes a viernes: 08.00 h a 17.00 h<\/p>\n\t3 de febrero 920 (S2000BKT). Rosario, Santa F\u00e9.<br \/>\nRep\u00fablica Argentina.\n\t<strong><br \/>\n<a href=\"mailto:biogroup@biogroup.com.ar\">biogroup@biogroup.com.ar<\/a><\/strong>\n\tNotice: JavaScript is required for this content.\n        <!-- TODO: Move to Template File. -->\n        \n<\/div><!-- .vgblk-rw-wrapper -->","protected":false},"excerpt":{"rendered":"<p>INSTRUMENTAL DE LABORATORIO Cromat\u00f3grafo Gaseoso con Detector FID \/ ECDCromat\u00f3grafo Gaseoso con Detector de MasasCromat\u00f3grafo Gaseoso con Detector FID \/ TCDCromat\u00f3grafo L\u00edquido de Alta PerfomanceEspectr\u00f3metro de Absorci\u00f3n At\u00f3micaGenerador de Hidruros y de Vapor Fr\u00edoHorno de GrafitoCromat\u00f3grafo I\u00f3nicoCampana de Flujo LaminarCabina de Seguridad Biol\u00f3gicaIncubadora Fr\u00edo CalorIncubadora con Control de FotoperiodoEspectrofot\u00f3metros UV\/VISAnalizador Infrarrojo para Hidrocarburos Totales del&#8230;<\/p>\n","protected":false},"author":3,"featured_media":0,"parent":0,"menu_order":0,"comment_status":"closed","ping_status":"closed","template":"","meta":{"inline_featured_image":false,"_joinchat":[],"footnotes":""},"class_list":["post-990117","page","type-page","status-publish","hentry"],"yoast_head":"<!-- This site is optimized with the Yoast SEO plugin v27.4 - https:\/\/yoast.com\/product\/yoast-seo-wordpress\/ -->\n<title>Equipment - BioGroup<\/title>\n<meta name=\"robots\" content=\"index, follow, max-snippet:-1, max-image-preview:large, max-video-preview:-1\" \/>\n<link rel=\"canonical\" href=\"https:\/\/biogroup.com.ar\/en\/equipment\/\" \/>\n<meta property=\"og:locale\" content=\"en_US\" \/>\n<meta property=\"og:type\" content=\"article\" \/>\n<meta property=\"og:title\" content=\"Equipment - BioGroup\" \/>\n<meta property=\"og:description\" content=\"INSTRUMENTAL DE LABORATORIO Cromat\u00f3grafo Gaseoso con Detector FID \/ ECDCromat\u00f3grafo Gaseoso con Detector de MasasCromat\u00f3grafo Gaseoso con Detector FID \/ TCDCromat\u00f3grafo L\u00edquido de Alta PerfomanceEspectr\u00f3metro de Absorci\u00f3n At\u00f3micaGenerador de Hidruros y de Vapor Fr\u00edoHorno de GrafitoCromat\u00f3grafo I\u00f3nicoCampana de Flujo LaminarCabina de Seguridad Biol\u00f3gicaIncubadora Fr\u00edo CalorIncubadora con Control de FotoperiodoEspectrofot\u00f3metros UV\/VISAnalizador Infrarrojo para Hidrocarburos Totales del...\" \/>\n<meta property=\"og:url\" content=\"https:\/\/biogroup.com.ar\/en\/equipment\/\" \/>\n<meta property=\"og:site_name\" content=\"BioGroup\" \/>\n<meta property=\"article:modified_time\" content=\"2023-02-02T19:18:26+00:00\" \/>\n<meta property=\"og:image\" content=\"https:\/\/biogroup.com.ar\/wp-content\/uploads\/2022\/12\/AA2-e1530743045278-150x150.jpeg\" \/>\n<meta name=\"twitter:card\" content=\"summary_large_image\" \/>\n<meta name=\"twitter:label1\" content=\"Est. reading time\" \/>\n\t<meta name=\"twitter:data1\" content=\"2 minutes\" \/>\n<script type=\"application\/ld+json\" class=\"yoast-schema-graph\">{\"@context\":\"https:\\\/\\\/schema.org\",\"@graph\":[{\"@type\":\"WebPage\",\"@id\":\"https:\\\/\\\/biogroup.com.ar\\\/en\\\/equipment\\\/\",\"url\":\"https:\\\/\\\/biogroup.com.ar\\\/en\\\/equipment\\\/\",\"name\":\"Equipment - BioGroup\",\"isPartOf\":{\"@id\":\"https:\\\/\\\/biogroup.com.ar\\\/#website\"},\"datePublished\":\"2022-12-06T20:09:20+00:00\",\"dateModified\":\"2023-02-02T19:18:26+00:00\",\"inLanguage\":\"en-US\",\"potentialAction\":[{\"@type\":\"ReadAction\",\"target\":[\"https:\\\/\\\/biogroup.com.ar\\\/en\\\/equipment\\\/\"]}]},{\"@type\":\"WebSite\",\"@id\":\"https:\\\/\\\/biogroup.com.ar\\\/#website\",\"url\":\"https:\\\/\\\/biogroup.com.ar\\\/\",\"name\":\"BioGroup\",\"description\":\"Centro de Investigaci\u00f3n Cient\u00edfica y Tecnol\u00f3gica\",\"publisher\":{\"@id\":\"https:\\\/\\\/biogroup.com.ar\\\/#organization\"},\"potentialAction\":[{\"@type\":\"SearchAction\",\"target\":{\"@type\":\"EntryPoint\",\"urlTemplate\":\"https:\\\/\\\/biogroup.com.ar\\\/?s={search_term_string}\"},\"query-input\":{\"@type\":\"PropertyValueSpecification\",\"valueRequired\":true,\"valueName\":\"search_term_string\"}}],\"inLanguage\":\"en-US\"},{\"@type\":\"Organization\",\"@id\":\"https:\\\/\\\/biogroup.com.ar\\\/#organization\",\"name\":\"BioGroup\",\"url\":\"https:\\\/\\\/biogroup.com.ar\\\/\",\"logo\":{\"@type\":\"ImageObject\",\"inLanguage\":\"en-US\",\"@id\":\"https:\\\/\\\/biogroup.com.ar\\\/#\\\/schema\\\/logo\\\/image\\\/\",\"url\":\"https:\\\/\\\/biogroup.com.ar\\\/wp-content\\\/uploads\\\/2024\\\/10\\\/cropped-logo-1.jpg\",\"contentUrl\":\"https:\\\/\\\/biogroup.com.ar\\\/wp-content\\\/uploads\\\/2024\\\/10\\\/cropped-logo-1.jpg\",\"width\":573,\"height\":145,\"caption\":\"BioGroup\"},\"image\":{\"@id\":\"https:\\\/\\\/biogroup.com.ar\\\/#\\\/schema\\\/logo\\\/image\\\/\"}}]}<\/script>\n<!-- \/ Yoast SEO plugin. -->","yoast_head_json":{"title":"Equipment - BioGroup","robots":{"index":"index","follow":"follow","max-snippet":"max-snippet:-1","max-image-preview":"max-image-preview:large","max-video-preview":"max-video-preview:-1"},"canonical":"https:\/\/biogroup.com.ar\/en\/equipment\/","og_locale":"en_US","og_type":"article","og_title":"Equipment - BioGroup","og_description":"INSTRUMENTAL DE LABORATORIO Cromat\u00f3grafo Gaseoso con Detector FID \/ ECDCromat\u00f3grafo Gaseoso con Detector de MasasCromat\u00f3grafo Gaseoso con Detector FID \/ TCDCromat\u00f3grafo L\u00edquido de Alta PerfomanceEspectr\u00f3metro de Absorci\u00f3n At\u00f3micaGenerador de Hidruros y de Vapor Fr\u00edoHorno de GrafitoCromat\u00f3grafo I\u00f3nicoCampana de Flujo LaminarCabina de Seguridad Biol\u00f3gicaIncubadora Fr\u00edo CalorIncubadora con Control de FotoperiodoEspectrofot\u00f3metros UV\/VISAnalizador Infrarrojo para Hidrocarburos Totales del...","og_url":"https:\/\/biogroup.com.ar\/en\/equipment\/","og_site_name":"BioGroup","article_modified_time":"2023-02-02T19:18:26+00:00","og_image":[{"url":"https:\/\/biogroup.com.ar\/wp-content\/uploads\/2022\/12\/AA2-e1530743045278-150x150.jpeg","type":"","width":"","height":""}],"twitter_card":"summary_large_image","twitter_misc":{"Est. reading time":"2 minutes"},"schema":{"@context":"https:\/\/schema.org","@graph":[{"@type":"WebPage","@id":"https:\/\/biogroup.com.ar\/en\/equipment\/","url":"https:\/\/biogroup.com.ar\/en\/equipment\/","name":"Equipment - BioGroup","isPartOf":{"@id":"https:\/\/biogroup.com.ar\/#website"},"datePublished":"2022-12-06T20:09:20+00:00","dateModified":"2023-02-02T19:18:26+00:00","inLanguage":"en-US","potentialAction":[{"@type":"ReadAction","target":["https:\/\/biogroup.com.ar\/en\/equipment\/"]}]},{"@type":"WebSite","@id":"https:\/\/biogroup.com.ar\/#website","url":"https:\/\/biogroup.com.ar\/","name":"BioGroup","description":"Centro de Investigaci\u00f3n Cient\u00edfica y Tecnol\u00f3gica","publisher":{"@id":"https:\/\/biogroup.com.ar\/#organization"},"potentialAction":[{"@type":"SearchAction","target":{"@type":"EntryPoint","urlTemplate":"https:\/\/biogroup.com.ar\/?s={search_term_string}"},"query-input":{"@type":"PropertyValueSpecification","valueRequired":true,"valueName":"search_term_string"}}],"inLanguage":"en-US"},{"@type":"Organization","@id":"https:\/\/biogroup.com.ar\/#organization","name":"BioGroup","url":"https:\/\/biogroup.com.ar\/","logo":{"@type":"ImageObject","inLanguage":"en-US","@id":"https:\/\/biogroup.com.ar\/#\/schema\/logo\/image\/","url":"https:\/\/biogroup.com.ar\/wp-content\/uploads\/2024\/10\/cropped-logo-1.jpg","contentUrl":"https:\/\/biogroup.com.ar\/wp-content\/uploads\/2024\/10\/cropped-logo-1.jpg","width":573,"height":145,"caption":"BioGroup"},"image":{"@id":"https:\/\/biogroup.com.ar\/#\/schema\/logo\/image\/"}}]}},"_links":{"self":[{"href":"https:\/\/biogroup.com.ar\/en\/wp-json\/wp\/v2\/pages\/990117","targetHints":{"allow":["GET"]}}],"collection":[{"href":"https:\/\/biogroup.com.ar\/en\/wp-json\/wp\/v2\/pages"}],"about":[{"href":"https:\/\/biogroup.com.ar\/en\/wp-json\/wp\/v2\/types\/page"}],"author":[{"embeddable":true,"href":"https:\/\/biogroup.com.ar\/en\/wp-json\/wp\/v2\/users\/3"}],"replies":[{"embeddable":true,"href":"https:\/\/biogroup.com.ar\/en\/wp-json\/wp\/v2\/comments?post=990117"}],"version-history":[{"count":2,"href":"https:\/\/biogroup.com.ar\/en\/wp-json\/wp\/v2\/pages\/990117\/revisions"}],"predecessor-version":[{"id":990652,"href":"https:\/\/biogroup.com.ar\/en\/wp-json\/wp\/v2\/pages\/990117\/revisions\/990652"}],"wp:attachment":[{"href":"https:\/\/biogroup.com.ar\/en\/wp-json\/wp\/v2\/media?parent=990117"}],"curies":[{"name":"wp","href":"https:\/\/api.w.org\/{rel}","templated":true}]}}