{"id":989781,"date":"2017-04-12T17:55:35","date_gmt":"2017-04-12T20:55:35","guid":{"rendered":"https:\/\/biogroup.com.ar\/inicio\/"},"modified":"2023-04-14T08:40:52","modified_gmt":"2023-04-14T11:40:52","slug":"inicio","status":"publish","type":"page","link":"https:\/\/biogroup.com.ar\/en\/","title":{"rendered":"Home"},"content":{"rendered":"<div class=\"vgblk-rw-wrapper limit-wrapper\">\n\n\t<h1>Welcome to BioGroup<\/h1>\n<p>At our company, we stay true to the same principles that we were founded on over 30 years ago. We provide excellent service by prioritizing quality results, trust in our people, and utilizing advanced technology to benefit our community. We exceed our clients&#8217; expectations and aim to make a positive impact through technology.<\/p>\n<h4>\n\tOUR RESULTS <br \/>Leaders in the National Market\n\t<\/h4>\n<h3>\n\t8.411+\n\t<\/h3>\n\t<h4>Projects<\/h4>\n<h3>\n\t554+\n\t<\/h3>\n\t<h4>Customers<\/h4>\n<h3>\n\t105.201+\n\t<\/h3>\n\t<h4>Laboratory Testing<\/h4>\n<h2>\n\tOur services\n\t<\/h2>\n<h3>\n\t\t\t<a href=\"https:\/\/biogroup.com.ar\/en\/biodegradability\/\" title=\"BIODEGRADABILITY TEST\" target=\"_self\" rel=\"noopener\">\n\tBIODEGRADABILITY TEST\n\t\t\t<\/a>\n\t<\/h3>\n\t<p>Biogroup is an ISO\/IEC 17025:2017 accredited laboratory that can help assess the biodegradation potential of consumer products with the highest levels of confidence.<\/p>\n\t<a href=\"https:\/\/biogroup.com.ar\/en\/biodegradability\/\" target=\"_self\" role=\"button\" rel=\"noopener\">\n\t\t\t\t\tRead More\n\t<\/a>\n<h3>\n\t\t\t<a href=\"https:\/\/biogroup.com.ar\/en\/materials-analysis\/\" title=\"CHEMICAL ANALYSIS OF COMPLEX MATERIALS\" target=\"_self\" rel=\"noopener\">\n\tCHEMICAL ANALYSIS OF COMPLEX MATERIALS\n\t\t\t<\/a>\n\t<\/h3>\n\t<p>If a regulated substance above specification appears in your final product, we can help you find the cause and also a solution to bring your product within specification.<\/p>\n\t<a href=\"https:\/\/biogroup.com.ar\/en\/materials-analysis\/\" target=\"_self\" role=\"button\" rel=\"noopener\">\n\t\t\t\t\tRead More\n\t<\/a>\n<h3>\n\t\t\t<a href=\"https:\/\/biogroup.com.ar\/en\/migration-analysis\/\" title=\"MIGRATION ANALYSIS\" target=\"_self\" rel=\"noopener\">\n\tMIGRATION ANALYSIS\n\t\t\t<\/a>\n\t<\/h3>\n\t<p>Biogroup, accredited by ASSAL (Santa Fe Food Safety Agency) analyzes plastic, paper and cardboard containers that come into contact with food to determine the migration of monomers, additives and other residual substances.<\/p>\n\t<a href=\"https:\/\/biogroup.com.ar\/en\/migration-analysis\/\" target=\"_self\" role=\"button\" rel=\"noopener\">\n\t\t\t\t\tRead More\n\t<\/a>\n<h3>\n\t\t\t<a href=\"https:\/\/biogroup.com.ar\/en\/food-shelf-life\/\" title=\"SHELF LIFE OF FOOD\" target=\"_self\" rel=\"noopener\">\n\tSHELF LIFE OF FOOD\n\t\t\t<\/a>\n\t<\/h3>\n\t<p>Biogroup has the necessary experience and the appropriate equipment to be able to determine the useful life of any food.<\/p>\n\t<a href=\"https:\/\/biogroup.com.ar\/en\/food-shelf-life\/\" target=\"_self\" role=\"button\" rel=\"noopener\">\n\t\t\t\t\tRead More\n\t<\/a>\n<h2>\n\tCUSTOMER SATISFACTION SURVEY\n\t<\/h2>\n\t<h3>Staff Performance<br \/>\nMonitoring Technician<\/h3>\n<div class=\"ninja-charts-customize_3094377032_7\" >\n    <div id=\"ninja-charts-container\"\n         class=\"ninja-charts-chart-js-container\"\n         style='\n                height: 400px;\n                width: auto;\n                background-color: #FFFFFF;\n                border: 0px solid #FFFFFF ;\n                border-radius: 0px;'\n         data-id=\"7\"\n         data-uniqid=\"_3094377032_7\"\n             >\n    <canvas\n        id= \"ninja_charts_instance_3094377032_7\"\n>\n    <\/canvas>\n    <\/div>\n<\/div>\n\n\t<h3>Delivery Time<br \/>\nReports w\/ Results<\/h3>\n<div class=\"ninja-charts-customize_2282958187_7\" >\n    <div id=\"ninja-charts-container\"\n         class=\"ninja-charts-chart-js-container\"\n         style='\n                height: 400px;\n                width: auto;\n                background-color: #FFFFFF;\n                border: 0px solid #FFFFFF ;\n                border-radius: 0px;'\n         data-id=\"7\"\n         data-uniqid=\"_2282958187_7\"\n             >\n    <canvas\n        id= \"ninja_charts_instance_2282958187_7\"\n>\n    <\/canvas>\n    <\/div>\n<\/div>\n\n\t<h3>Reliability<br \/>\nof Results<\/h3>\n<div class=\"ninja-charts-customize_1743757823_20\" >\n    <div id=\"ninja-charts-container\"\n         class=\"ninja-charts-chart-js-container\"\n         style='\n                height: 400px;\n                width: auto;\n                background-color: #FFFFFF;\n                border: 0px solid #FFFFFF ;\n                border-radius: 0px;'\n         data-id=\"20\"\n         data-uniqid=\"_1743757823_20\"\n             >\n    <canvas\n        id= \"ninja_charts_instance_1743757823_20\"\n>\n    <\/canvas>\n    <\/div>\n<\/div>\n\n\t<h2>Since 1990<\/h2>\n<p>&nbsp;<\/p>\n\t<p>The Best Technology Available<\/p>\n<p>Latest Generation Equipment<\/p>\n<p>Immediate Response<\/p>\n\t\t\t\t\t\t\t<img loading=\"lazy\" decoding=\"async\" loading=\"lazy\" src=\"https:\/\/biogroup.com.ar\/wp-content\/uploads\/2017\/04\/Girl-right-1.png\" alt=\"Girl-right\" itemprop=\"image\" height=\"801\" width=\"692\" title=\"Girl-right\" onerror=\"this.style.display='none'\"  sizes=\"auto, (max-width: 768px) 100vw, 100vw\" srcset=\"https:\/\/i0.wp.com\/biogroup.com.ar\/wp-content\/uploads\/2017\/04\/Girl-right-1.png?w=692&amp;ssl=1 692w, https:\/\/i0.wp.com\/biogroup.com.ar\/wp-content\/uploads\/2017\/04\/Girl-right-1.png?resize=630%2C729&amp;ssl=1 630w, https:\/\/i0.wp.com\/biogroup.com.ar\/wp-content\/uploads\/2017\/04\/Girl-right-1.png?resize=259%2C300&amp;ssl=1 259w, https:\/\/i0.wp.com\/biogroup.com.ar\/wp-content\/uploads\/2017\/04\/Girl-right-1.png?resize=420%2C486&amp;ssl=1 420w, https:\/\/i0.wp.com\/biogroup.com.ar\/wp-content\/uploads\/2017\/04\/Girl-right-1.png?resize=315%2C365&amp;ssl=1 315w\" \/>\t\t\t\t\t\t\t\n\t<p><a href=\"https:\/\/biogroup.com.ar\/en\/air-quality-monitoring\/\"><strong>AIR QUALITY<\/strong><\/a><\/p>\n<p>Monitoring of CO, NOx, PM10, PM2.5, PM1.0, SO2, Dioxins and Furans.<\/p>\n\t<p><a href=\"https:\/\/biogroup.com.ar\/en\/risk-analysis\/\"><strong>RISK ANALYSIS<\/strong><\/a><\/p>\n<p>If your factory processes pulverulent substances, you should be aware of the risk of a dust cloud explosion.<\/p>\n\t<p><b>MONITORING<\/b><\/p>\nUrgent monitoring in the event of an emergency,<br \/>\nWe have a sufficient number of our own vehicles to carry out the necessary amount of monitoring with coverage inside and outside of Argentina.\n<h2>\n\tCERTIFICATIONS &amp; ACCREDITATION\n\t<\/h2>\n\t<a href=\"\/contact\/\" target=\"_self\" role=\"button\" rel=\"noopener\">\n\t\t\t\t\tContact Us to Receive a Budget\n\t<\/a>\n\t\t\t\t\t\t\t<img loading=\"lazy\" decoding=\"async\" loading=\"lazy\" src=\"https:\/\/biogroup.com.ar\/wp-content\/uploads\/2017\/10\/OAA-retocado-e1530744629217-300x300-1.jpeg\" alt=\"OAA-retocado-e1530744629217-300x300\" itemprop=\"image\" height=\"300\" width=\"300\" title=\"OAA-retocado-e1530744629217-300x300\" onerror=\"this.style.display='none'\"  sizes=\"auto, (max-width: 768px) 100vw, 100vw\" srcset=\"https:\/\/i0.wp.com\/biogroup.com.ar\/wp-content\/uploads\/2017\/10\/OAA-retocado-e1530744629217-300x300-1.jpeg?w=300&amp;ssl=1 300w, https:\/\/i0.wp.com\/biogroup.com.ar\/wp-content\/uploads\/2017\/10\/OAA-retocado-e1530744629217-300x300-1.jpeg?resize=150%2C150&amp;ssl=1 150w, https:\/\/i0.wp.com\/biogroup.com.ar\/wp-content\/uploads\/2017\/10\/OAA-retocado-e1530744629217-300x300-1.jpeg?resize=100%2C100&amp;ssl=1 100w\" \/>\t\t\t\t\t\t\t\n\t\t\t\t\t\t\t<img loading=\"lazy\" decoding=\"async\" loading=\"lazy\" src=\"https:\/\/biogroup.com.ar\/wp-content\/uploads\/2017\/10\/logo-iram-2021-300x300-1.png\" alt=\"logo-iram-2021-300x300\" itemprop=\"image\" height=\"300\" width=\"300\" title=\"logo-iram-2021-300x300\" onerror=\"this.style.display='none'\"  sizes=\"auto, (max-width: 768px) 100vw, 100vw\" srcset=\"https:\/\/i0.wp.com\/biogroup.com.ar\/wp-content\/uploads\/2017\/10\/logo-iram-2021-300x300-1.png?w=300&amp;ssl=1 300w, https:\/\/i0.wp.com\/biogroup.com.ar\/wp-content\/uploads\/2017\/10\/logo-iram-2021-300x300-1.png?resize=150%2C150&amp;ssl=1 150w, https:\/\/i0.wp.com\/biogroup.com.ar\/wp-content\/uploads\/2017\/10\/logo-iram-2021-300x300-1.png?resize=100%2C100&amp;ssl=1 100w\" \/>\t\t\t\t\t\t\t\n\t\t\t\t\t\t\t<img loading=\"lazy\" decoding=\"async\" loading=\"lazy\" src=\"https:\/\/biogroup.com.ar\/wp-content\/uploads\/2017\/10\/Cofilab-gris-2-300x300-1.jpeg\" alt=\"Cofilab-gris-2-300x300\" itemprop=\"image\" height=\"300\" width=\"300\" title=\"Cofilab-gris-2-300x300\" onerror=\"this.style.display='none'\"  sizes=\"auto, (max-width: 768px) 100vw, 100vw\" srcset=\"https:\/\/i0.wp.com\/biogroup.com.ar\/wp-content\/uploads\/2017\/10\/Cofilab-gris-2-300x300-1.jpeg?w=300&amp;ssl=1 300w, https:\/\/i0.wp.com\/biogroup.com.ar\/wp-content\/uploads\/2017\/10\/Cofilab-gris-2-300x300-1.jpeg?resize=150%2C150&amp;ssl=1 150w, https:\/\/i0.wp.com\/biogroup.com.ar\/wp-content\/uploads\/2017\/10\/Cofilab-gris-2-300x300-1.jpeg?resize=100%2C100&amp;ssl=1 100w\" \/>\t\t\t\t\t\t\t\n\t\t\t\t\t\t\t<img loading=\"lazy\" decoding=\"async\" loading=\"lazy\" src=\"https:\/\/biogroup.com.ar\/wp-content\/uploads\/2017\/10\/opds-gris-300x300-1.jpeg\" alt=\"opds-gris-300x300\" itemprop=\"image\" height=\"300\" width=\"300\" title=\"opds-gris-300x300\" onerror=\"this.style.display='none'\"  sizes=\"auto, (max-width: 768px) 100vw, 100vw\" srcset=\"https:\/\/i0.wp.com\/biogroup.com.ar\/wp-content\/uploads\/2017\/10\/opds-gris-300x300-1.jpeg?w=300&amp;ssl=1 300w, https:\/\/i0.wp.com\/biogroup.com.ar\/wp-content\/uploads\/2017\/10\/opds-gris-300x300-1.jpeg?resize=150%2C150&amp;ssl=1 150w, https:\/\/i0.wp.com\/biogroup.com.ar\/wp-content\/uploads\/2017\/10\/opds-gris-300x300-1.jpeg?resize=100%2C100&amp;ssl=1 100w\" \/>\t\t\t\t\t\t\t\n\t\t\t\t\t\t\t<img loading=\"lazy\" decoding=\"async\" loading=\"lazy\" src=\"https:\/\/biogroup.com.ar\/wp-content\/uploads\/2017\/10\/ASSAL-gris-2-300x300-1.jpeg\" alt=\"ASSAL-gris-2-300x300\" itemprop=\"image\" height=\"300\" width=\"300\" title=\"ASSAL-gris-2-300x300\" onerror=\"this.style.display='none'\"  sizes=\"auto, (max-width: 768px) 100vw, 100vw\" srcset=\"https:\/\/i0.wp.com\/biogroup.com.ar\/wp-content\/uploads\/2017\/10\/ASSAL-gris-2-300x300-1.jpeg?w=300&amp;ssl=1 300w, https:\/\/i0.wp.com\/biogroup.com.ar\/wp-content\/uploads\/2017\/10\/ASSAL-gris-2-300x300-1.jpeg?resize=150%2C150&amp;ssl=1 150w, https:\/\/i0.wp.com\/biogroup.com.ar\/wp-content\/uploads\/2017\/10\/ASSAL-gris-2-300x300-1.jpeg?resize=100%2C100&amp;ssl=1 100w\" \/>\t\t\t\t\t\t\t\n\t\t\t\t\t\t\t<img loading=\"lazy\" decoding=\"async\" loading=\"lazy\" src=\"https:\/\/biogroup.com.ar\/wp-content\/uploads\/2017\/10\/certificado.jpg\" alt=\"certificado\" itemprop=\"image\" height=\"300\" width=\"300\" title=\"certificado\" onerror=\"this.style.display='none'\"  sizes=\"auto, (max-width: 768px) 100vw, 100vw\" srcset=\"https:\/\/i0.wp.com\/biogroup.com.ar\/wp-content\/uploads\/2017\/10\/certificado.jpg?w=300&amp;ssl=1 300w, https:\/\/i0.wp.com\/biogroup.com.ar\/wp-content\/uploads\/2017\/10\/certificado.jpg?resize=150%2C150&amp;ssl=1 150w, https:\/\/i0.wp.com\/biogroup.com.ar\/wp-content\/uploads\/2017\/10\/certificado.jpg?resize=100%2C100&amp;ssl=1 100w\" \/>\t\t\t\t\t\t\t\n\t\t\t\t\t\t\t<img loading=\"lazy\" decoding=\"async\" loading=\"lazy\" src=\"https:\/\/biogroup.com.ar\/wp-content\/uploads\/2022\/11\/TECHINT.png\" alt=\"TECHINT\" itemprop=\"image\" height=\"95\" width=\"180\" title=\"TECHINT\" onerror=\"this.style.display='none'\"  sizes=\"auto, (max-width: 768px) 100vw, 100vw\"\/>\t\t\t\t\t\t\t\n\t\t\t\t\t\t\t<img loading=\"lazy\" decoding=\"async\" loading=\"lazy\" src=\"https:\/\/biogroup.com.ar\/wp-content\/uploads\/2022\/11\/GM.png\" alt=\"GM\" itemprop=\"image\" height=\"95\" width=\"180\" title=\"GM\" onerror=\"this.style.display='none'\"  sizes=\"auto, (max-width: 768px) 100vw, 100vw\"\/>\t\t\t\t\t\t\t\n\t\t\t\t\t\t\t<img loading=\"lazy\" decoding=\"async\" loading=\"lazy\" width=\"150\" height=\"150\" src=\"https:\/\/biogroup.com.ar\/wp-content\/uploads\/2022\/12\/tenaris-150x150.jpg\" alt=\"tenaris\" itemprop=\"image\" title=\"tenaris\" onerror=\"this.style.display='none'\"  sizes=\"auto, (max-width: 768px) 100vw, 100vw\" srcset=\"https:\/\/i0.wp.com\/biogroup.com.ar\/wp-content\/uploads\/2022\/12\/tenaris.jpg?resize=150%2C150&amp;ssl=1 150w, https:\/\/i0.wp.com\/biogroup.com.ar\/wp-content\/uploads\/2022\/12\/tenaris.jpg?resize=300%2C300&amp;ssl=1 300w, https:\/\/i0.wp.com\/biogroup.com.ar\/wp-content\/uploads\/2022\/12\/tenaris.jpg?resize=315%2C315&amp;ssl=1 315w, https:\/\/i0.wp.com\/biogroup.com.ar\/wp-content\/uploads\/2022\/12\/tenaris.jpg?resize=100%2C100&amp;ssl=1 100w, https:\/\/i0.wp.com\/biogroup.com.ar\/wp-content\/uploads\/2022\/12\/tenaris.jpg?w=340&amp;ssl=1 340w\" \/>\t\t\t\t\t\t\t\n\t\t\t\t\t\t\t<img loading=\"lazy\" decoding=\"async\" loading=\"lazy\" width=\"150\" height=\"150\" src=\"https:\/\/biogroup.com.ar\/wp-content\/uploads\/2022\/12\/ypf-150x150.jpg\" alt=\"ypf\" itemprop=\"image\" title=\"ypf\" onerror=\"this.style.display='none'\"  sizes=\"auto, (max-width: 768px) 100vw, 100vw\" srcset=\"https:\/\/i0.wp.com\/biogroup.com.ar\/wp-content\/uploads\/2022\/12\/ypf.jpg?resize=150%2C150&amp;ssl=1 150w, https:\/\/i0.wp.com\/biogroup.com.ar\/wp-content\/uploads\/2022\/12\/ypf.jpg?resize=300%2C300&amp;ssl=1 300w, https:\/\/i0.wp.com\/biogroup.com.ar\/wp-content\/uploads\/2022\/12\/ypf.jpg?resize=315%2C315&amp;ssl=1 315w, https:\/\/i0.wp.com\/biogroup.com.ar\/wp-content\/uploads\/2022\/12\/ypf.jpg?resize=100%2C100&amp;ssl=1 100w, https:\/\/i0.wp.com\/biogroup.com.ar\/wp-content\/uploads\/2022\/12\/ypf.jpg?w=340&amp;ssl=1 340w\" \/>\t\t\t\t\t\t\t\n\t\t\t\t\t\t\t<img loading=\"lazy\" decoding=\"async\" loading=\"lazy\" src=\"https:\/\/biogroup.com.ar\/wp-content\/uploads\/2022\/11\/ACINDAR.png\" alt=\"ACINDAR\" itemprop=\"image\" height=\"95\" width=\"180\" title=\"ACINDAR\" onerror=\"this.style.display='none'\"  sizes=\"auto, (max-width: 768px) 100vw, 100vw\"\/>\t\t\t\t\t\t\t\n\t\t\t\t\t\t\t<img loading=\"lazy\" decoding=\"async\" loading=\"lazy\" src=\"https:\/\/biogroup.com.ar\/wp-content\/uploads\/2022\/11\/CELULOSA.png\" alt=\"CELULOSA\" itemprop=\"image\" height=\"95\" width=\"180\" title=\"CELULOSA\" onerror=\"this.style.display='none'\"  sizes=\"auto, (max-width: 768px) 100vw, 100vw\"\/>\t\t\t\t\t\t\t\n\t\t\t\t\t\t\t<img loading=\"lazy\" decoding=\"async\" loading=\"lazy\" src=\"https:\/\/biogroup.com.ar\/wp-content\/uploads\/2022\/11\/NESTLE.png\" alt=\"NESTLE\" itemprop=\"image\" height=\"95\" width=\"180\" title=\"NESTLE\" onerror=\"this.style.display='none'\"  sizes=\"auto, (max-width: 768px) 100vw, 100vw\"\/>\t\t\t\t\t\t\t\n\t\t\t\t\t\t\t<img loading=\"lazy\" decoding=\"async\" loading=\"lazy\" src=\"https:\/\/biogroup.com.ar\/wp-content\/uploads\/2022\/11\/BASF.png\" alt=\"BASF\" itemprop=\"image\" height=\"95\" width=\"180\" title=\"BASF\" onerror=\"this.style.display='none'\"  sizes=\"auto, (max-width: 768px) 100vw, 100vw\"\/>\t\t\t\t\t\t\t\n\t\t\t\t\t\t\t<img loading=\"lazy\" decoding=\"async\" loading=\"lazy\" src=\"https:\/\/biogroup.com.ar\/wp-content\/uploads\/2022\/12\/Cargill.jpg\" alt=\"Cargill\" itemprop=\"image\" height=\"500\" width=\"770\" title=\"Cargill\" onerror=\"this.style.display='none'\"  sizes=\"auto, (max-width: 768px) 100vw, 100vw\" srcset=\"https:\/\/i0.wp.com\/biogroup.com.ar\/wp-content\/uploads\/2022\/12\/Cargill.jpg?w=770&amp;ssl=1 770w, https:\/\/i0.wp.com\/biogroup.com.ar\/wp-content\/uploads\/2022\/12\/Cargill.jpg?resize=300%2C195&amp;ssl=1 300w, https:\/\/i0.wp.com\/biogroup.com.ar\/wp-content\/uploads\/2022\/12\/Cargill.jpg?resize=768%2C499&amp;ssl=1 768w, https:\/\/i0.wp.com\/biogroup.com.ar\/wp-content\/uploads\/2022\/12\/Cargill.jpg?resize=630%2C409&amp;ssl=1 630w, https:\/\/i0.wp.com\/biogroup.com.ar\/wp-content\/uploads\/2022\/12\/Cargill.jpg?resize=420%2C273&amp;ssl=1 420w, https:\/\/i0.wp.com\/biogroup.com.ar\/wp-content\/uploads\/2022\/12\/Cargill.jpg?resize=315%2C205&amp;ssl=1 315w\" \/>\t\t\t\t\t\t\t\n\t\t\t\t\t\t\t<img loading=\"lazy\" decoding=\"async\" loading=\"lazy\" src=\"https:\/\/biogroup.com.ar\/wp-content\/uploads\/2022\/12\/dow.jpg\" alt=\"dow\" itemprop=\"image\" height=\"340\" width=\"340\" title=\"dow\" onerror=\"this.style.display='none'\"  sizes=\"auto, (max-width: 768px) 100vw, 100vw\" srcset=\"https:\/\/i0.wp.com\/biogroup.com.ar\/wp-content\/uploads\/2022\/12\/dow.jpg?w=340&amp;ssl=1 340w, https:\/\/i0.wp.com\/biogroup.com.ar\/wp-content\/uploads\/2022\/12\/dow.jpg?resize=300%2C300&amp;ssl=1 300w, https:\/\/i0.wp.com\/biogroup.com.ar\/wp-content\/uploads\/2022\/12\/dow.jpg?resize=150%2C150&amp;ssl=1 150w, https:\/\/i0.wp.com\/biogroup.com.ar\/wp-content\/uploads\/2022\/12\/dow.jpg?resize=315%2C315&amp;ssl=1 315w, https:\/\/i0.wp.com\/biogroup.com.ar\/wp-content\/uploads\/2022\/12\/dow.jpg?resize=100%2C100&amp;ssl=1 100w\" \/>\t\t\t\t\t\t\t\n\t\t\t\t\t\t\t<img loading=\"lazy\" decoding=\"async\" loading=\"lazy\" src=\"https:\/\/biogroup.com.ar\/wp-content\/uploads\/2022\/12\/ldc.jpg\" alt=\"ldc\" itemprop=\"image\" height=\"340\" width=\"340\" title=\"ldc\" onerror=\"this.style.display='none'\"  sizes=\"auto, (max-width: 768px) 100vw, 100vw\" srcset=\"https:\/\/i0.wp.com\/biogroup.com.ar\/wp-content\/uploads\/2022\/12\/ldc.jpg?w=340&amp;ssl=1 340w, https:\/\/i0.wp.com\/biogroup.com.ar\/wp-content\/uploads\/2022\/12\/ldc.jpg?resize=300%2C300&amp;ssl=1 300w, https:\/\/i0.wp.com\/biogroup.com.ar\/wp-content\/uploads\/2022\/12\/ldc.jpg?resize=150%2C150&amp;ssl=1 150w, https:\/\/i0.wp.com\/biogroup.com.ar\/wp-content\/uploads\/2022\/12\/ldc.jpg?resize=315%2C315&amp;ssl=1 315w, https:\/\/i0.wp.com\/biogroup.com.ar\/wp-content\/uploads\/2022\/12\/ldc.jpg?resize=100%2C100&amp;ssl=1 100w\" \/>\t\t\t\t\t\t\t\n\t\t\t<a href=\"https:\/\/biogroup.com.ar\/en\/customers\/\" target=\"_self\" role=\"button\" rel=\"noopener\">\n\t\t\t\t\t\tView More Customers\n\t\t\t\t\t<\/a>\n\n<\/div><!-- .vgblk-rw-wrapper -->","protected":false},"excerpt":{"rendered":"<p>Welcome to BioGroup At our company, we stay true to the same principles that we were founded on over 30 years ago. We provide excellent service by prioritizing quality results, trust in our people, and utilizing advanced technology to benefit our community. We exceed our clients&#8217; expectations and aim to make a positive impact through&#8230;<\/p>\n","protected":false},"author":3,"featured_media":0,"parent":0,"menu_order":0,"comment_status":"closed","ping_status":"closed","template":"","meta":{"inline_featured_image":false,"_joinchat":[],"footnotes":""},"class_list":["post-989781","page","type-page","status-publish","hentry"],"yoast_head":"<!-- This site is optimized with the Yoast SEO plugin v27.3 - https:\/\/yoast.com\/product\/yoast-seo-wordpress\/ -->\n<title>Home - BioGroup<\/title>\n<meta name=\"robots\" content=\"index, follow, max-snippet:-1, max-image-preview:large, max-video-preview:-1\" \/>\n<link rel=\"canonical\" href=\"https:\/\/biogroup.com.ar\/en\/\" \/>\n<meta property=\"og:locale\" content=\"en_US\" \/>\n<meta property=\"og:type\" content=\"article\" \/>\n<meta property=\"og:title\" content=\"Home - BioGroup\" \/>\n<meta property=\"og:description\" content=\"Welcome to BioGroup At our company, we stay true to the same principles that we were founded on over 30 years ago. We provide excellent service by prioritizing quality results, trust in our people, and utilizing advanced technology to benefit our community. We exceed our clients&#8217; expectations and aim to make a positive impact through...\" \/>\n<meta property=\"og:url\" content=\"https:\/\/biogroup.com.ar\/en\/\" \/>\n<meta property=\"og:site_name\" content=\"BioGroup\" \/>\n<meta property=\"article:modified_time\" content=\"2023-04-14T11:40:52+00:00\" \/>\n<meta property=\"og:image\" content=\"https:\/\/biogroup.com.ar\/wp-content\/uploads\/2017\/04\/Girl-right-1.png\" \/>\n<meta name=\"twitter:card\" content=\"summary_large_image\" \/>\n<meta name=\"twitter:label1\" content=\"Est. reading time\" \/>\n\t<meta name=\"twitter:data1\" content=\"6 minutes\" \/>\n<script type=\"application\/ld+json\" class=\"yoast-schema-graph\">{\"@context\":\"https:\\\/\\\/schema.org\",\"@graph\":[{\"@type\":\"WebPage\",\"@id\":\"https:\\\/\\\/biogroup.com.ar\\\/en\\\/\",\"url\":\"https:\\\/\\\/biogroup.com.ar\\\/en\\\/\",\"name\":\"Home - BioGroup\",\"isPartOf\":{\"@id\":\"https:\\\/\\\/biogroup.com.ar\\\/#website\"},\"primaryImageOfPage\":{\"@id\":\"https:\\\/\\\/biogroup.com.ar\\\/en\\\/#primaryimage\"},\"image\":{\"@id\":\"https:\\\/\\\/biogroup.com.ar\\\/en\\\/#primaryimage\"},\"thumbnailUrl\":\"https:\\\/\\\/biogroup.com.ar\\\/wp-content\\\/uploads\\\/2017\\\/04\\\/Girl-right-1.png\",\"datePublished\":\"2017-04-12T20:55:35+00:00\",\"dateModified\":\"2023-04-14T11:40:52+00:00\",\"inLanguage\":\"en-US\",\"potentialAction\":[{\"@type\":\"ReadAction\",\"target\":[\"https:\\\/\\\/biogroup.com.ar\\\/en\\\/\"]}]},{\"@type\":\"ImageObject\",\"inLanguage\":\"en-US\",\"@id\":\"https:\\\/\\\/biogroup.com.ar\\\/en\\\/#primaryimage\",\"url\":\"https:\\\/\\\/biogroup.com.ar\\\/wp-content\\\/uploads\\\/2017\\\/04\\\/Girl-right-1.png\",\"contentUrl\":\"https:\\\/\\\/biogroup.com.ar\\\/wp-content\\\/uploads\\\/2017\\\/04\\\/Girl-right-1.png\"},{\"@type\":\"WebSite\",\"@id\":\"https:\\\/\\\/biogroup.com.ar\\\/#website\",\"url\":\"https:\\\/\\\/biogroup.com.ar\\\/\",\"name\":\"BioGroup\",\"description\":\"Centro de Investigaci\u00f3n Cient\u00edfica y Tecnol\u00f3gica\",\"publisher\":{\"@id\":\"https:\\\/\\\/biogroup.com.ar\\\/#organization\"},\"potentialAction\":[{\"@type\":\"SearchAction\",\"target\":{\"@type\":\"EntryPoint\",\"urlTemplate\":\"https:\\\/\\\/biogroup.com.ar\\\/?s={search_term_string}\"},\"query-input\":{\"@type\":\"PropertyValueSpecification\",\"valueRequired\":true,\"valueName\":\"search_term_string\"}}],\"inLanguage\":\"en-US\"},{\"@type\":\"Organization\",\"@id\":\"https:\\\/\\\/biogroup.com.ar\\\/#organization\",\"name\":\"BioGroup\",\"url\":\"https:\\\/\\\/biogroup.com.ar\\\/\",\"logo\":{\"@type\":\"ImageObject\",\"inLanguage\":\"en-US\",\"@id\":\"https:\\\/\\\/biogroup.com.ar\\\/#\\\/schema\\\/logo\\\/image\\\/\",\"url\":\"https:\\\/\\\/biogroup.com.ar\\\/wp-content\\\/uploads\\\/2024\\\/10\\\/cropped-logo-1.jpg\",\"contentUrl\":\"https:\\\/\\\/biogroup.com.ar\\\/wp-content\\\/uploads\\\/2024\\\/10\\\/cropped-logo-1.jpg\",\"width\":573,\"height\":145,\"caption\":\"BioGroup\"},\"image\":{\"@id\":\"https:\\\/\\\/biogroup.com.ar\\\/#\\\/schema\\\/logo\\\/image\\\/\"}}]}<\/script>\n<!-- \/ Yoast SEO plugin. -->","yoast_head_json":{"title":"Home - BioGroup","robots":{"index":"index","follow":"follow","max-snippet":"max-snippet:-1","max-image-preview":"max-image-preview:large","max-video-preview":"max-video-preview:-1"},"canonical":"https:\/\/biogroup.com.ar\/en\/","og_locale":"en_US","og_type":"article","og_title":"Home - BioGroup","og_description":"Welcome to BioGroup At our company, we stay true to the same principles that we were founded on over 30 years ago. We provide excellent service by prioritizing quality results, trust in our people, and utilizing advanced technology to benefit our community. We exceed our clients&#8217; expectations and aim to make a positive impact through...","og_url":"https:\/\/biogroup.com.ar\/en\/","og_site_name":"BioGroup","article_modified_time":"2023-04-14T11:40:52+00:00","og_image":[{"url":"https:\/\/biogroup.com.ar\/wp-content\/uploads\/2017\/04\/Girl-right-1.png","type":"","width":"","height":""}],"twitter_card":"summary_large_image","twitter_misc":{"Est. reading time":"6 minutes"},"schema":{"@context":"https:\/\/schema.org","@graph":[{"@type":"WebPage","@id":"https:\/\/biogroup.com.ar\/en\/","url":"https:\/\/biogroup.com.ar\/en\/","name":"Home - BioGroup","isPartOf":{"@id":"https:\/\/biogroup.com.ar\/#website"},"primaryImageOfPage":{"@id":"https:\/\/biogroup.com.ar\/en\/#primaryimage"},"image":{"@id":"https:\/\/biogroup.com.ar\/en\/#primaryimage"},"thumbnailUrl":"https:\/\/biogroup.com.ar\/wp-content\/uploads\/2017\/04\/Girl-right-1.png","datePublished":"2017-04-12T20:55:35+00:00","dateModified":"2023-04-14T11:40:52+00:00","inLanguage":"en-US","potentialAction":[{"@type":"ReadAction","target":["https:\/\/biogroup.com.ar\/en\/"]}]},{"@type":"ImageObject","inLanguage":"en-US","@id":"https:\/\/biogroup.com.ar\/en\/#primaryimage","url":"https:\/\/biogroup.com.ar\/wp-content\/uploads\/2017\/04\/Girl-right-1.png","contentUrl":"https:\/\/biogroup.com.ar\/wp-content\/uploads\/2017\/04\/Girl-right-1.png"},{"@type":"WebSite","@id":"https:\/\/biogroup.com.ar\/#website","url":"https:\/\/biogroup.com.ar\/","name":"BioGroup","description":"Centro de Investigaci\u00f3n Cient\u00edfica y Tecnol\u00f3gica","publisher":{"@id":"https:\/\/biogroup.com.ar\/#organization"},"potentialAction":[{"@type":"SearchAction","target":{"@type":"EntryPoint","urlTemplate":"https:\/\/biogroup.com.ar\/?s={search_term_string}"},"query-input":{"@type":"PropertyValueSpecification","valueRequired":true,"valueName":"search_term_string"}}],"inLanguage":"en-US"},{"@type":"Organization","@id":"https:\/\/biogroup.com.ar\/#organization","name":"BioGroup","url":"https:\/\/biogroup.com.ar\/","logo":{"@type":"ImageObject","inLanguage":"en-US","@id":"https:\/\/biogroup.com.ar\/#\/schema\/logo\/image\/","url":"https:\/\/biogroup.com.ar\/wp-content\/uploads\/2024\/10\/cropped-logo-1.jpg","contentUrl":"https:\/\/biogroup.com.ar\/wp-content\/uploads\/2024\/10\/cropped-logo-1.jpg","width":573,"height":145,"caption":"BioGroup"},"image":{"@id":"https:\/\/biogroup.com.ar\/#\/schema\/logo\/image\/"}}]}},"_links":{"self":[{"href":"https:\/\/biogroup.com.ar\/en\/wp-json\/wp\/v2\/pages\/989781","targetHints":{"allow":["GET"]}}],"collection":[{"href":"https:\/\/biogroup.com.ar\/en\/wp-json\/wp\/v2\/pages"}],"about":[{"href":"https:\/\/biogroup.com.ar\/en\/wp-json\/wp\/v2\/types\/page"}],"author":[{"embeddable":true,"href":"https:\/\/biogroup.com.ar\/en\/wp-json\/wp\/v2\/users\/3"}],"replies":[{"embeddable":true,"href":"https:\/\/biogroup.com.ar\/en\/wp-json\/wp\/v2\/comments?post=989781"}],"version-history":[{"count":29,"href":"https:\/\/biogroup.com.ar\/en\/wp-json\/wp\/v2\/pages\/989781\/revisions"}],"predecessor-version":[{"id":990734,"href":"https:\/\/biogroup.com.ar\/en\/wp-json\/wp\/v2\/pages\/989781\/revisions\/990734"}],"wp:attachment":[{"href":"https:\/\/biogroup.com.ar\/en\/wp-json\/wp\/v2\/media?parent=989781"}],"curies":[{"name":"wp","href":"https:\/\/api.w.org\/{rel}","templated":true}]}}