{"id":989746,"date":"2022-12-02T14:06:29","date_gmt":"2022-12-02T17:06:29","guid":{"rendered":"https:\/\/biogroup.com.ar\/drug-analysis\/"},"modified":"2022-12-27T10:04:45","modified_gmt":"2022-12-27T13:04:45","slug":"drug-analysis","status":"publish","type":"page","link":"https:\/\/biogroup.com.ar\/en\/drug-analysis\/","title":{"rendered":"Drug Analysis"},"content":{"rendered":"<div class=\"vgblk-rw-wrapper limit-wrapper\">\nMicrobiologic analysis<br>\nSterility controlL<br>\nhygienic controls<br>\nUSP, EPL controls<br>\nPhysicochemical analysis<br>\nPurity of assets and contaminants by HPLC, GC\/FID\/ECD\/MS, Capillary Electrophoresis, Atomic Absorption\/Hydride Generator<br>\nControls EP, USP, etc.<br>\nValidations of methods at the request of the client<br>\nResidual solvents<br>\nQuality control of raw materials and finished products<br>\nAnalysis for quality control of cosmetics, cleaning and personal hygiene products\nActive matter (anionic, cationic, non-ionic)<br>\nActive principles (Wide variety according to matrix)<br>\nAerosol analysis<br>\nMicrobiology<br>\nGoo<br>\nPreservatives, Antioxidants<br>\nFluoride in oral hygiene products<br>\nQUALITY CONTROL OF MEDICINES<br>\nThe detection limits reached in our own analytical developments satisfy the most rigorous international requirements in terms of sensitivity, specificity and selectivity.<br>\nTRACE ANALYSIS<br>\nVETERINARY DRUGS RESIDUES (sulfonamides, tetracyclines, quinolones, macrolides, aminoglycosides, phenicols, beta-lactams, phenol, nitrofurans, benzimidazoles, endectocides, anticoccidials, antimicrobial dyes, etc.)\n<p>PESTICIDE RESIDUES (organochlorines, organophosphates, glyphosate, carbamates, pyrethroids, benzimidazoles, etc.)<\/p>\n<p>INORGANIC POLLUTANT RESIDUES (cadmium, lead, mercury, chromium, arsenic, etc.)<\/p>\n<p>NATURAL CONTAMINANT RESIDUES: mycotoxins (aflatoxins, ochratoxin, vomitoxin, fumonisins) and pyrrolizidine alkaloids (senecionine, seneciophylline, lycopsamine, echidimine and their N-oxides).<\/p>\n<p>RESIDUES from OTHER CHEMICAL POLLUTANTS (melanin and cyanuric acid, toxic organic compounds from groups such as nitrosamines, hydrocarbons, phenols, anilines, halogenated molecules, PAHs, phthalates, benzidines, etc.)<\/p>\nANALYSIS OF PHYTOCHEMICAL ACTIVE PRINCIPLES<br>\nActive ingredients in drugs under development or already formulated are analyzed as part of the quality control system. But in addition, Biogroup has developed unprecedented analytical techniques that include, prior to the chromatographic run, the extraction, purification and concentration of these active principles, as they are found naturally in the vegetable matrix from which they are extracted.<br>\nmedicine-pills_2212998k<br>\npills-640&#215;428<br>\nchemistry-home\nSoy phytosterols (Campesterol + stigmasterol + sitosterol)<br>\nSoy isoflavones (daidzein, genistein and glycitein)<br>\nCatechins (epicatechin, epigallocatechin)<br>\nAnthocyanins (molecules identified on request: cinanidin, peonidin, delphinidin, petunidin, malvidin, pelargonidin, rosinidin)<br>\nOther Flavonoids (quercetin, myricetin, caempferol, hesperidin, morin)<br>\nAntioxidant Capacity (method with DPPH)<br>\nAlkaloids (Caffeine, theobromine, theophylline, in coffee, tea, yerba mate, guarana, cocoa, as appropriate, boldine)<br>\nTotal polyphenols (Folin Ciocalteau method)<br>\nIndividual polyphenols, chromatographic profile (chlorogenic, caffeic, gallic, syringic, synapic, coumarin, ferulic, anisic, rosmarinic, salicylic, cinnamic, vanillinic acids, and their isomers)<br>\nFlavor-aromatic principles in herbs, spices and derivatives (thymol, carbacrol, eugenol, capsaicin, diallylsulfide, piperine, cinnamaldehyde, lycopene, etc.)<br>\nSteviosides, (stevioside, dulcoside A, rebaudiosides A and C, evidence of hydrolysis: Evidence of hydrolysis residues of steviol, and isosteviol)<br>\nAnthraquinones (aloin)<br>\nNatural colors (bixin, norbixin, turmeric, carmine, chlorophyll)<br>\nANALYSIS METHODS<br>\nCERTIFICATIONS AND ACCREDITATIONS\n<p>Standard Methods for the Examination of Water and Wastewater (American Water Works Association\/American Public Works Association\/Water Environment Federation)ISO (International Organization for Standardization)AOAC (Association Of Analytical Communities)FDA (Food and Drug Administration)ICMSF (International Commission on Microbiological Specifications for Foods)AFNOR (Association fran\u00e7aise de Normalisation)USP (U.S. Pharmacopeial Convention)BP (British Pharmacopoeia)FNA (Argentine National Pharmacopoeia)<\/p>\n<\/div><!-- .vgblk-rw-wrapper -->","protected":false},"excerpt":{"rendered":"<p>Microbiologic analysis Sterility controlL hygienic controls USP, EPL controls Physicochemical analysis Purity of assets and contaminants by HPLC, GC\/FID\/ECD\/MS, Capillary Electrophoresis, Atomic Absorption\/Hydride Generator Controls EP, USP, etc. Validations of methods at the request of the client Residual solvents Quality control of raw materials and finished products Analysis for quality control of cosmetics, cleaning and&#8230;<\/p>\n","protected":false},"author":3,"featured_media":0,"parent":0,"menu_order":0,"comment_status":"closed","ping_status":"closed","template":"","meta":{"inline_featured_image":false,"_joinchat":[],"footnotes":""},"class_list":["post-989746","page","type-page","status-publish","hentry"],"yoast_head":"<!-- This site is optimized with the Yoast SEO plugin v27.5 - https:\/\/yoast.com\/product\/yoast-seo-wordpress\/ -->\n<title>Drug Analysis - BioGroup<\/title>\n<meta name=\"robots\" content=\"index, follow, max-snippet:-1, max-image-preview:large, max-video-preview:-1\" \/>\n<link rel=\"canonical\" href=\"https:\/\/biogroup.com.ar\/en\/drug-analysis\/\" \/>\n<meta property=\"og:locale\" content=\"en_US\" \/>\n<meta property=\"og:type\" content=\"article\" \/>\n<meta property=\"og:title\" content=\"Drug Analysis - BioGroup\" \/>\n<meta property=\"og:description\" content=\"Microbiologic analysis Sterility controlL hygienic controls USP, EPL controls Physicochemical analysis Purity of assets and contaminants by HPLC, GC\/FID\/ECD\/MS, Capillary Electrophoresis, Atomic Absorption\/Hydride Generator Controls EP, USP, etc. Validations of methods at the request of the client Residual solvents Quality control of raw materials and finished products Analysis for quality control of cosmetics, cleaning and...\" \/>\n<meta property=\"og:url\" content=\"https:\/\/biogroup.com.ar\/en\/drug-analysis\/\" \/>\n<meta property=\"og:site_name\" content=\"BioGroup\" \/>\n<meta property=\"article:modified_time\" content=\"2022-12-27T13:04:45+00:00\" \/>\n<meta name=\"twitter:card\" content=\"summary_large_image\" \/>\n<meta name=\"twitter:label1\" content=\"Est. reading time\" \/>\n\t<meta name=\"twitter:data1\" content=\"2 minutes\" \/>\n<script type=\"application\/ld+json\" class=\"yoast-schema-graph\">{\"@context\":\"https:\\\/\\\/schema.org\",\"@graph\":[{\"@type\":\"WebPage\",\"@id\":\"https:\\\/\\\/biogroup.com.ar\\\/en\\\/drug-analysis\\\/\",\"url\":\"https:\\\/\\\/biogroup.com.ar\\\/en\\\/drug-analysis\\\/\",\"name\":\"Drug Analysis - BioGroup\",\"isPartOf\":{\"@id\":\"https:\\\/\\\/biogroup.com.ar\\\/#website\"},\"datePublished\":\"2022-12-02T17:06:29+00:00\",\"dateModified\":\"2022-12-27T13:04:45+00:00\",\"inLanguage\":\"en-US\",\"potentialAction\":[{\"@type\":\"ReadAction\",\"target\":[\"https:\\\/\\\/biogroup.com.ar\\\/en\\\/drug-analysis\\\/\"]}]},{\"@type\":\"WebSite\",\"@id\":\"https:\\\/\\\/biogroup.com.ar\\\/#website\",\"url\":\"https:\\\/\\\/biogroup.com.ar\\\/\",\"name\":\"BioGroup\",\"description\":\"Centro de Investigaci\u00f3n Cient\u00edfica y Tecnol\u00f3gica\",\"publisher\":{\"@id\":\"https:\\\/\\\/biogroup.com.ar\\\/#organization\"},\"potentialAction\":[{\"@type\":\"SearchAction\",\"target\":{\"@type\":\"EntryPoint\",\"urlTemplate\":\"https:\\\/\\\/biogroup.com.ar\\\/?s={search_term_string}\"},\"query-input\":{\"@type\":\"PropertyValueSpecification\",\"valueRequired\":true,\"valueName\":\"search_term_string\"}}],\"inLanguage\":\"en-US\"},{\"@type\":\"Organization\",\"@id\":\"https:\\\/\\\/biogroup.com.ar\\\/#organization\",\"name\":\"BioGroup\",\"url\":\"https:\\\/\\\/biogroup.com.ar\\\/\",\"logo\":{\"@type\":\"ImageObject\",\"inLanguage\":\"en-US\",\"@id\":\"https:\\\/\\\/biogroup.com.ar\\\/#\\\/schema\\\/logo\\\/image\\\/\",\"url\":\"https:\\\/\\\/biogroup.com.ar\\\/wp-content\\\/uploads\\\/2024\\\/10\\\/cropped-logo-1.jpg\",\"contentUrl\":\"https:\\\/\\\/biogroup.com.ar\\\/wp-content\\\/uploads\\\/2024\\\/10\\\/cropped-logo-1.jpg\",\"width\":573,\"height\":145,\"caption\":\"BioGroup\"},\"image\":{\"@id\":\"https:\\\/\\\/biogroup.com.ar\\\/#\\\/schema\\\/logo\\\/image\\\/\"}}]}<\/script>\n<!-- \/ Yoast SEO plugin. -->","yoast_head_json":{"title":"Drug Analysis - BioGroup","robots":{"index":"index","follow":"follow","max-snippet":"max-snippet:-1","max-image-preview":"max-image-preview:large","max-video-preview":"max-video-preview:-1"},"canonical":"https:\/\/biogroup.com.ar\/en\/drug-analysis\/","og_locale":"en_US","og_type":"article","og_title":"Drug Analysis - BioGroup","og_description":"Microbiologic analysis Sterility controlL hygienic controls USP, EPL controls Physicochemical analysis Purity of assets and contaminants by HPLC, GC\/FID\/ECD\/MS, Capillary Electrophoresis, Atomic Absorption\/Hydride Generator Controls EP, USP, etc. Validations of methods at the request of the client Residual solvents Quality control of raw materials and finished products Analysis for quality control of cosmetics, cleaning and...","og_url":"https:\/\/biogroup.com.ar\/en\/drug-analysis\/","og_site_name":"BioGroup","article_modified_time":"2022-12-27T13:04:45+00:00","twitter_card":"summary_large_image","twitter_misc":{"Est. reading time":"2 minutes"},"schema":{"@context":"https:\/\/schema.org","@graph":[{"@type":"WebPage","@id":"https:\/\/biogroup.com.ar\/en\/drug-analysis\/","url":"https:\/\/biogroup.com.ar\/en\/drug-analysis\/","name":"Drug Analysis - BioGroup","isPartOf":{"@id":"https:\/\/biogroup.com.ar\/#website"},"datePublished":"2022-12-02T17:06:29+00:00","dateModified":"2022-12-27T13:04:45+00:00","inLanguage":"en-US","potentialAction":[{"@type":"ReadAction","target":["https:\/\/biogroup.com.ar\/en\/drug-analysis\/"]}]},{"@type":"WebSite","@id":"https:\/\/biogroup.com.ar\/#website","url":"https:\/\/biogroup.com.ar\/","name":"BioGroup","description":"Centro de Investigaci\u00f3n Cient\u00edfica y Tecnol\u00f3gica","publisher":{"@id":"https:\/\/biogroup.com.ar\/#organization"},"potentialAction":[{"@type":"SearchAction","target":{"@type":"EntryPoint","urlTemplate":"https:\/\/biogroup.com.ar\/?s={search_term_string}"},"query-input":{"@type":"PropertyValueSpecification","valueRequired":true,"valueName":"search_term_string"}}],"inLanguage":"en-US"},{"@type":"Organization","@id":"https:\/\/biogroup.com.ar\/#organization","name":"BioGroup","url":"https:\/\/biogroup.com.ar\/","logo":{"@type":"ImageObject","inLanguage":"en-US","@id":"https:\/\/biogroup.com.ar\/#\/schema\/logo\/image\/","url":"https:\/\/biogroup.com.ar\/wp-content\/uploads\/2024\/10\/cropped-logo-1.jpg","contentUrl":"https:\/\/biogroup.com.ar\/wp-content\/uploads\/2024\/10\/cropped-logo-1.jpg","width":573,"height":145,"caption":"BioGroup"},"image":{"@id":"https:\/\/biogroup.com.ar\/#\/schema\/logo\/image\/"}}]}},"_links":{"self":[{"href":"https:\/\/biogroup.com.ar\/en\/wp-json\/wp\/v2\/pages\/989746","targetHints":{"allow":["GET"]}}],"collection":[{"href":"https:\/\/biogroup.com.ar\/en\/wp-json\/wp\/v2\/pages"}],"about":[{"href":"https:\/\/biogroup.com.ar\/en\/wp-json\/wp\/v2\/types\/page"}],"author":[{"embeddable":true,"href":"https:\/\/biogroup.com.ar\/en\/wp-json\/wp\/v2\/users\/3"}],"replies":[{"embeddable":true,"href":"https:\/\/biogroup.com.ar\/en\/wp-json\/wp\/v2\/comments?post=989746"}],"version-history":[{"count":2,"href":"https:\/\/biogroup.com.ar\/en\/wp-json\/wp\/v2\/pages\/989746\/revisions"}],"predecessor-version":[{"id":989748,"href":"https:\/\/biogroup.com.ar\/en\/wp-json\/wp\/v2\/pages\/989746\/revisions\/989748"}],"wp:attachment":[{"href":"https:\/\/biogroup.com.ar\/en\/wp-json\/wp\/v2\/media?parent=989746"}],"curies":[{"name":"wp","href":"https:\/\/api.w.org\/{rel}","templated":true}]}}