{"id":989725,"date":"2022-11-23T00:07:17","date_gmt":"2022-11-23T03:07:17","guid":{"rendered":"https:\/\/biogroup.com.ar\/certifications-and-accreditations\/"},"modified":"2025-04-16T09:32:54","modified_gmt":"2025-04-16T12:32:54","slug":"certifications-and-accreditations","status":"publish","type":"page","link":"https:\/\/biogroup.com.ar\/en\/certifications-and-accreditations\/","title":{"rendered":"Certifications &#038; Accreditation"},"content":{"rendered":"<div class=\"vgblk-rw-wrapper limit-wrapper\">\n\n\t<p>COFILAB Accreditation Certificate. Laboratories Oversight Council.<\/p>\n<p>COFILAB 2015 Triennial Revalidation Certificate.<\/p>\n<p>Certificate of Provincial Registration of Agro-food Laboratory. Santa Fe Food Safety Agency (ASSAL).<\/p>\n<p>OPDS Certificate of Industrial Laboratory Qualification. Buenos Aires province.<\/p>\n<p>IRAM ISO 9001:2015 Management System Certificate<\/p>\n<p>IQNet certified. The International Certification Network ISO9001:2015<\/p>\n<p>Laboratory certified by ENRE for chimney emissions.<\/p>\n<p>Authorization of the Laboratory by the Laboratories Oversight Council. Professional Council of Chemistry. Law 7.020<\/p>\n<p>Registration in the Registry of Environmental Analysis Laboratories Resolution No. 453\/18. Ministry of the Environment of the Province of Santa Fe. Laboratory N\u00ba 003.<\/p>\n<p>Registration in the Official Registry of Environmental Laboratories (ROLA) of the Secretary of the Environment of the Province of C\u00f3rdoba under No. 003.<\/p>\n<p>Certificate of Registration in the National Registry of Chemical Precursors, Ministry of Security, Presidency of the Nation.<\/p>\n<p>Municipal Qualification Certificate.<\/p>\n<p>Registration Official Registry of Consultants, Experts and Experts in Environmental Matters of the Province of Santa Fe.<\/p>\n<p>Registration in the Registry of Consultants in Environmental Impact Study. Ministry of Social Development and Environment. Secretariat of Sustainable Development and Environmental Policy.<\/p>\n<p>Registration in the Registry of Environmental Determination Laboratories (RELADA), Environmental Protection Agency, Government of the Autonomous City of Buenos Aires.<\/p>\n<p>Registration in the Provincial Registry of Environmental Analytical Services Laboratories, Ministry of Environment and Control of Sustainable Development of the Province of Chubut.<\/p>\n<p>Registration in the Registry of Generators and Operators of Hazardous Waste, Ministry of the Environment of the Province of Santa Fe.<\/p>\n<p>AGREEMENTS AND ADHESIONS<\/p>\n<p>Adhesion Agreement between CONICET and Biogroup.<\/p>\n<p>Framework Collaboration Agreement with Keika Ventures LLC (USA)<\/p>\n<p>Framework Collaboration Agreement with TestAmerica Services (USA)<\/p>\n<p>Collaboration Framework Agreement with the University of San Juan<\/p>\n<p>Adhesion to the Sustainable Commitment 2013. Municipality of Rosario<\/p>\n<p>Contract of Adhesion to CIMPAR.<\/p>\n<p>INTERLABORATORIES<\/p>\n<p>COFILAB WATER Certificate 06.2009<\/p>\n<p>COFILAB WATER Certificate 10.2009<\/p>\n<p>COFILAB EFFLUENT Certificate 08.2009<\/p>\n<p>COFILAB WATER Certificate 06.2010<\/p>\n<p>COFILAB WATER Certificate 10.2010<\/p>\n<p>COFILAB WATER Certificate 09.2011<\/p>\n<p>COFILAB WATER Certificate 12.2011<\/p>\n<p>COFILAB EFFLUENT Certificate 01 10.2011<\/p>\n<p>COFILAB EFFLUENT Certificate 02 10.2011<\/p>\n<p>National Atomic Energy Commission Certificate. Gaseous emissions. 2011<\/p>\n<p>COFILAB WATER Certificate 09.2012<\/p>\n<p>COFILAB EFFLUENT Certificate 07.2012 &#8211; EL-01<\/p>\n<p>COFILAB EFFLUENT Certificate 07.2012 &#8211; EL-02<\/p>\n<p>COFILAB WATER Certificate 07.2013 &#8211; AP-01<\/p>\n<p>COFILAB EFFLUENT Certificate 07.2013 &#8211; EL -01<\/p>\n<p>COFILAB EFFLUENT Certificate 07.2013 &#8211; EL -02<\/p>\n<p>COFILAB EFFLUENT Certificate 11.2013<\/p>\n<p>COFILAB WATER Certificate 09.2014 &#8211; AP-01<\/p>\n<p>COFILAB EFFLUENT Certificate 07.2014 &#8211; EL-01<\/p>\n<p>COFILAB EFFLUENT Certificate 07.2014 &#8211; EL-02<\/p>\n<p>COFILAB EFFLUENT Certificate 11.2014 &#8211; EL-01<\/p>\n<p>INTI WATER Certificate 01.2014<\/p>\n<p>National Atomic Energy Commission Certificate. Gaseous emissions. 2014<\/p>\n<p>COFILAB WATER Certificate 01.2015 AP -01<\/p>\n<p>COFILAB EFFLUENT Certificate 07.2015 EL-01<\/p>\n<p>COFILAB EFFLUENT Certificate 07.2015 EL-02<\/p>\n<p>COFILAB WATER Certificate 01.2016<\/p>\n<p>COFILAB WATER Certificate 09.2016<\/p>\n<p>COFILAB WATER Certificate 12.2016<\/p>\n<p>COFILAB EFFLUENT Certificate 07. 2017 EL-01<\/p>\n<p>COFILAB EFFLUENT Certificate 07. 2017 EL-02<\/p>\n<p>COFILAB WATER Certificate 09.2017 AP -01<\/p>\n<p>COFILAB BTEX 10.2017 certificate<\/p>\n<p>COFILAB EFFLUENT Certificate 01 07. 2018<\/p>\n<p>COFILAB EFFLUENT Certificate 02 07. 2018<\/p>\n<p>COFILAB WATER Certificate 09.2018<\/p>\n<p>COFILAB BTEX 10.2018 certificate<\/p>\n<p>COFILAB Certificate HEAVY METAL EFFLUENT 07.2019<\/p>\n<p>COFILAB EFFLUENT BOD COD Certificate 07.2019<\/p>\n<p>COFILAB DRINKING WATER Certificate 09.2019<\/p>\n<p>COFILAB BTEX 10.2019 certificate<\/p>\n<p>COFILAB DRINKING WATER Certificate 11.2020<\/p>\n<p>COFILAB EFFLUENT Certificate 09.2020<\/p>\n<p>COFILAB METAL EFFLUENT Certificate 09.2020<\/p>\n<p>COFILAB DRINKING WATER Certificate AP-01 09-2021<\/p>\n<p>COFILAB BTEX 10-2021 certificate<\/p>\n<p>COFILAB EFFLUENT Certificate EL-01 33rd 11-2021<\/p>\n<p>COFILAB EFFLUENT Certificate EL-02 35th 11-2021<\/p>\n<p>OAA Accreditation Certificate (Argentine Accreditation Body)<\/p>\n<p>COFILAB DBO COD Certificate 32nd EL-01 07-2021<\/p>\n<p>COFILAB EFFLUENT Certificate EL-02 33rd 07-2021<\/p>\n\n<\/div><!-- .vgblk-rw-wrapper -->","protected":false},"excerpt":{"rendered":"<p>COFILAB Accreditation Certificate. Laboratories Oversight Council. COFILAB 2015 Triennial Revalidation Certificate. Certificate of Provincial Registration of Agro-food Laboratory. Santa Fe Food Safety Agency (ASSAL). OPDS Certificate of Industrial Laboratory Qualification. Buenos Aires province. IRAM ISO 9001:2015 Management System Certificate IQNet certified. The International Certification Network ISO9001:2015 Laboratory certified by ENRE for chimney emissions. Authorization of&#8230;<\/p>\n","protected":false},"author":3,"featured_media":0,"parent":0,"menu_order":0,"comment_status":"closed","ping_status":"closed","template":"","meta":{"inline_featured_image":false,"_joinchat":[],"footnotes":""},"class_list":["post-989725","page","type-page","status-publish","hentry"],"yoast_head":"<!-- This site is optimized with the Yoast SEO plugin v27.5 - https:\/\/yoast.com\/product\/yoast-seo-wordpress\/ -->\n<title>Certifications &amp; Accreditation - BioGroup<\/title>\n<meta name=\"robots\" content=\"index, follow, max-snippet:-1, max-image-preview:large, max-video-preview:-1\" \/>\n<link rel=\"canonical\" href=\"https:\/\/biogroup.com.ar\/en\/certifications-and-accreditations\/\" \/>\n<meta property=\"og:locale\" content=\"en_US\" \/>\n<meta property=\"og:type\" content=\"article\" \/>\n<meta property=\"og:title\" content=\"Certifications &amp; Accreditation - BioGroup\" \/>\n<meta property=\"og:description\" content=\"COFILAB Accreditation Certificate. Laboratories Oversight Council. COFILAB 2015 Triennial Revalidation Certificate. Certificate of Provincial Registration of Agro-food Laboratory. Santa Fe Food Safety Agency (ASSAL). OPDS Certificate of Industrial Laboratory Qualification. Buenos Aires province. IRAM ISO 9001:2015 Management System Certificate IQNet certified. The International Certification Network ISO9001:2015 Laboratory certified by ENRE for chimney emissions. Authorization of...\" \/>\n<meta property=\"og:url\" content=\"https:\/\/biogroup.com.ar\/en\/certifications-and-accreditations\/\" \/>\n<meta property=\"og:site_name\" content=\"BioGroup\" \/>\n<meta property=\"article:modified_time\" content=\"2025-04-16T12:32:54+00:00\" \/>\n<meta name=\"twitter:card\" content=\"summary_large_image\" \/>\n<meta name=\"twitter:label1\" content=\"Est. reading time\" \/>\n\t<meta name=\"twitter:data1\" content=\"3 minutes\" \/>\n<script type=\"application\/ld+json\" class=\"yoast-schema-graph\">{\"@context\":\"https:\\\/\\\/schema.org\",\"@graph\":[{\"@type\":\"WebPage\",\"@id\":\"https:\\\/\\\/biogroup.com.ar\\\/en\\\/certifications-and-accreditations\\\/\",\"url\":\"https:\\\/\\\/biogroup.com.ar\\\/en\\\/certifications-and-accreditations\\\/\",\"name\":\"Certifications & Accreditation - BioGroup\",\"isPartOf\":{\"@id\":\"https:\\\/\\\/biogroup.com.ar\\\/#website\"},\"datePublished\":\"2022-11-23T03:07:17+00:00\",\"dateModified\":\"2025-04-16T12:32:54+00:00\",\"inLanguage\":\"en-US\",\"potentialAction\":[{\"@type\":\"ReadAction\",\"target\":[\"https:\\\/\\\/biogroup.com.ar\\\/en\\\/certifications-and-accreditations\\\/\"]}]},{\"@type\":\"WebSite\",\"@id\":\"https:\\\/\\\/biogroup.com.ar\\\/#website\",\"url\":\"https:\\\/\\\/biogroup.com.ar\\\/\",\"name\":\"BioGroup\",\"description\":\"Centro de Investigaci\u00f3n Cient\u00edfica y Tecnol\u00f3gica\",\"publisher\":{\"@id\":\"https:\\\/\\\/biogroup.com.ar\\\/#organization\"},\"potentialAction\":[{\"@type\":\"SearchAction\",\"target\":{\"@type\":\"EntryPoint\",\"urlTemplate\":\"https:\\\/\\\/biogroup.com.ar\\\/?s={search_term_string}\"},\"query-input\":{\"@type\":\"PropertyValueSpecification\",\"valueRequired\":true,\"valueName\":\"search_term_string\"}}],\"inLanguage\":\"en-US\"},{\"@type\":\"Organization\",\"@id\":\"https:\\\/\\\/biogroup.com.ar\\\/#organization\",\"name\":\"BioGroup\",\"url\":\"https:\\\/\\\/biogroup.com.ar\\\/\",\"logo\":{\"@type\":\"ImageObject\",\"inLanguage\":\"en-US\",\"@id\":\"https:\\\/\\\/biogroup.com.ar\\\/#\\\/schema\\\/logo\\\/image\\\/\",\"url\":\"https:\\\/\\\/biogroup.com.ar\\\/wp-content\\\/uploads\\\/2024\\\/10\\\/cropped-logo-1.jpg\",\"contentUrl\":\"https:\\\/\\\/biogroup.com.ar\\\/wp-content\\\/uploads\\\/2024\\\/10\\\/cropped-logo-1.jpg\",\"width\":573,\"height\":145,\"caption\":\"BioGroup\"},\"image\":{\"@id\":\"https:\\\/\\\/biogroup.com.ar\\\/#\\\/schema\\\/logo\\\/image\\\/\"}}]}<\/script>\n<!-- \/ Yoast SEO plugin. -->","yoast_head_json":{"title":"Certifications & Accreditation - BioGroup","robots":{"index":"index","follow":"follow","max-snippet":"max-snippet:-1","max-image-preview":"max-image-preview:large","max-video-preview":"max-video-preview:-1"},"canonical":"https:\/\/biogroup.com.ar\/en\/certifications-and-accreditations\/","og_locale":"en_US","og_type":"article","og_title":"Certifications & Accreditation - BioGroup","og_description":"COFILAB Accreditation Certificate. Laboratories Oversight Council. COFILAB 2015 Triennial Revalidation Certificate. Certificate of Provincial Registration of Agro-food Laboratory. Santa Fe Food Safety Agency (ASSAL). OPDS Certificate of Industrial Laboratory Qualification. Buenos Aires province. IRAM ISO 9001:2015 Management System Certificate IQNet certified. The International Certification Network ISO9001:2015 Laboratory certified by ENRE for chimney emissions. Authorization of...","og_url":"https:\/\/biogroup.com.ar\/en\/certifications-and-accreditations\/","og_site_name":"BioGroup","article_modified_time":"2025-04-16T12:32:54+00:00","twitter_card":"summary_large_image","twitter_misc":{"Est. reading time":"3 minutes"},"schema":{"@context":"https:\/\/schema.org","@graph":[{"@type":"WebPage","@id":"https:\/\/biogroup.com.ar\/en\/certifications-and-accreditations\/","url":"https:\/\/biogroup.com.ar\/en\/certifications-and-accreditations\/","name":"Certifications & Accreditation - BioGroup","isPartOf":{"@id":"https:\/\/biogroup.com.ar\/#website"},"datePublished":"2022-11-23T03:07:17+00:00","dateModified":"2025-04-16T12:32:54+00:00","inLanguage":"en-US","potentialAction":[{"@type":"ReadAction","target":["https:\/\/biogroup.com.ar\/en\/certifications-and-accreditations\/"]}]},{"@type":"WebSite","@id":"https:\/\/biogroup.com.ar\/#website","url":"https:\/\/biogroup.com.ar\/","name":"BioGroup","description":"Centro de Investigaci\u00f3n Cient\u00edfica y Tecnol\u00f3gica","publisher":{"@id":"https:\/\/biogroup.com.ar\/#organization"},"potentialAction":[{"@type":"SearchAction","target":{"@type":"EntryPoint","urlTemplate":"https:\/\/biogroup.com.ar\/?s={search_term_string}"},"query-input":{"@type":"PropertyValueSpecification","valueRequired":true,"valueName":"search_term_string"}}],"inLanguage":"en-US"},{"@type":"Organization","@id":"https:\/\/biogroup.com.ar\/#organization","name":"BioGroup","url":"https:\/\/biogroup.com.ar\/","logo":{"@type":"ImageObject","inLanguage":"en-US","@id":"https:\/\/biogroup.com.ar\/#\/schema\/logo\/image\/","url":"https:\/\/biogroup.com.ar\/wp-content\/uploads\/2024\/10\/cropped-logo-1.jpg","contentUrl":"https:\/\/biogroup.com.ar\/wp-content\/uploads\/2024\/10\/cropped-logo-1.jpg","width":573,"height":145,"caption":"BioGroup"},"image":{"@id":"https:\/\/biogroup.com.ar\/#\/schema\/logo\/image\/"}}]}},"_links":{"self":[{"href":"https:\/\/biogroup.com.ar\/en\/wp-json\/wp\/v2\/pages\/989725","targetHints":{"allow":["GET"]}}],"collection":[{"href":"https:\/\/biogroup.com.ar\/en\/wp-json\/wp\/v2\/pages"}],"about":[{"href":"https:\/\/biogroup.com.ar\/en\/wp-json\/wp\/v2\/types\/page"}],"author":[{"embeddable":true,"href":"https:\/\/biogroup.com.ar\/en\/wp-json\/wp\/v2\/users\/3"}],"replies":[{"embeddable":true,"href":"https:\/\/biogroup.com.ar\/en\/wp-json\/wp\/v2\/comments?post=989725"}],"version-history":[{"count":5,"href":"https:\/\/biogroup.com.ar\/en\/wp-json\/wp\/v2\/pages\/989725\/revisions"}],"predecessor-version":[{"id":991353,"href":"https:\/\/biogroup.com.ar\/en\/wp-json\/wp\/v2\/pages\/989725\/revisions\/991353"}],"wp:attachment":[{"href":"https:\/\/biogroup.com.ar\/en\/wp-json\/wp\/v2\/media?parent=989725"}],"curies":[{"name":"wp","href":"https:\/\/api.w.org\/{rel}","templated":true}]}}