{"id":989720,"date":"2022-12-14T10:23:08","date_gmt":"2022-12-14T13:23:08","guid":{"rendered":"https:\/\/biogroup.com.ar\/customers\/"},"modified":"2023-01-24T19:09:32","modified_gmt":"2023-01-24T22:09:32","slug":"customers","status":"publish","type":"page","link":"https:\/\/biogroup.com.ar\/en\/customers\/","title":{"rendered":"Customers"},"content":{"rendered":"<div class=\"vgblk-rw-wrapper limit-wrapper\">\n\n\t<h1>The Following Companies Trust Biogroup<\/h1>\n\t\t\t\t\t\t\t<img loading=\"lazy\" decoding=\"async\" loading=\"lazy\" src=\"https:\/\/biogroup.com.ar\/wp-content\/uploads\/2022\/12\/mattievich.jpg\" alt=\"mattievich\" itemprop=\"image\" height=\"340\" width=\"340\" title=\"mattievich\" onerror=\"this.style.display='none'\"  sizes=\"auto, (max-width: 768px) 100vw, 100vw\" srcset=\"https:\/\/biogroup.com.ar\/wp-content\/uploads\/2022\/12\/mattievich.jpg 340w, https:\/\/biogroup.com.ar\/wp-content\/uploads\/2022\/12\/mattievich-300x300.jpg 300w, https:\/\/biogroup.com.ar\/wp-content\/uploads\/2022\/12\/mattievich-150x150.jpg 150w, https:\/\/biogroup.com.ar\/wp-content\/uploads\/2022\/12\/mattievich-315x315.jpg 315w, https:\/\/biogroup.com.ar\/wp-content\/uploads\/2022\/12\/mattievich-100x100.jpg 100w\" \/>\t\t\t\t\t\t\t\n\t\t\t\t\t\t\t<img loading=\"lazy\" decoding=\"async\" loading=\"lazy\" src=\"https:\/\/biogroup.com.ar\/wp-content\/uploads\/2022\/12\/Herso.jpeg\" alt=\"Herso\" itemprop=\"image\" height=\"131\" width=\"250\" title=\"Herso\" onerror=\"this.style.display='none'\"  sizes=\"auto, (max-width: 768px) 100vw, 100vw\"\/>\t\t\t\t\t\t\t\n\t\t\t\t\t\t\t<img loading=\"lazy\" decoding=\"async\" loading=\"lazy\" src=\"https:\/\/biogroup.com.ar\/wp-content\/uploads\/2022\/12\/mahle.jpg\" alt=\"mahle\" itemprop=\"image\" height=\"340\" width=\"340\" title=\"mahle\" onerror=\"this.style.display='none'\"  sizes=\"auto, (max-width: 768px) 100vw, 100vw\" srcset=\"https:\/\/biogroup.com.ar\/wp-content\/uploads\/2022\/12\/mahle.jpg 340w, https:\/\/biogroup.com.ar\/wp-content\/uploads\/2022\/12\/mahle-300x300.jpg 300w, https:\/\/biogroup.com.ar\/wp-content\/uploads\/2022\/12\/mahle-150x150.jpg 150w, https:\/\/biogroup.com.ar\/wp-content\/uploads\/2022\/12\/mahle-315x315.jpg 315w, https:\/\/biogroup.com.ar\/wp-content\/uploads\/2022\/12\/mahle-100x100.jpg 100w\" \/>\t\t\t\t\t\t\t\n\t\t\t\t\t\t\t<img loading=\"lazy\" decoding=\"async\" loading=\"lazy\" src=\"https:\/\/biogroup.com.ar\/wp-content\/uploads\/2022\/12\/hgr-roscal.jpg\" alt=\"hgr roscal\" itemprop=\"image\" height=\"340\" width=\"340\" title=\"hgr roscal\" onerror=\"this.style.display='none'\"  sizes=\"auto, (max-width: 768px) 100vw, 100vw\" srcset=\"https:\/\/biogroup.com.ar\/wp-content\/uploads\/2022\/12\/hgr-roscal.jpg 340w, https:\/\/biogroup.com.ar\/wp-content\/uploads\/2022\/12\/hgr-roscal-300x300.jpg 300w, https:\/\/biogroup.com.ar\/wp-content\/uploads\/2022\/12\/hgr-roscal-150x150.jpg 150w, https:\/\/biogroup.com.ar\/wp-content\/uploads\/2022\/12\/hgr-roscal-315x315.jpg 315w, https:\/\/biogroup.com.ar\/wp-content\/uploads\/2022\/12\/hgr-roscal-100x100.jpg 100w\" \/>\t\t\t\t\t\t\t\n\t\t\t\t\t\t\t<img loading=\"lazy\" decoding=\"async\" loading=\"lazy\" src=\"https:\/\/biogroup.com.ar\/wp-content\/uploads\/2022\/12\/ldc.jpg\" alt=\"ldc\" itemprop=\"image\" height=\"340\" width=\"340\" title=\"ldc\" onerror=\"this.style.display='none'\"  sizes=\"auto, (max-width: 768px) 100vw, 100vw\" srcset=\"https:\/\/biogroup.com.ar\/wp-content\/uploads\/2022\/12\/ldc.jpg 340w, https:\/\/biogroup.com.ar\/wp-content\/uploads\/2022\/12\/ldc-300x300.jpg 300w, https:\/\/biogroup.com.ar\/wp-content\/uploads\/2022\/12\/ldc-150x150.jpg 150w, https:\/\/biogroup.com.ar\/wp-content\/uploads\/2022\/12\/ldc-315x315.jpg 315w, https:\/\/biogroup.com.ar\/wp-content\/uploads\/2022\/12\/ldc-100x100.jpg 100w\" \/>\t\t\t\t\t\t\t\n\t\t\t\t\t\t\t<img loading=\"lazy\" decoding=\"async\" loading=\"lazy\" src=\"https:\/\/biogroup.com.ar\/wp-content\/uploads\/2022\/12\/haas.jpeg\" alt=\"haas\" itemprop=\"image\" height=\"131\" width=\"250\" title=\"haas\" onerror=\"this.style.display='none'\"  sizes=\"auto, (max-width: 768px) 100vw, 100vw\"\/>\t\t\t\t\t\t\t\n\t\t\t\t\t\t\t<img loading=\"lazy\" decoding=\"async\" loading=\"lazy\" src=\"https:\/\/biogroup.com.ar\/wp-content\/uploads\/2022\/12\/la-virginia.jpg\" alt=\"la virginia\" itemprop=\"image\" height=\"340\" width=\"340\" title=\"la virginia\" onerror=\"this.style.display='none'\"  sizes=\"auto, (max-width: 768px) 100vw, 100vw\" srcset=\"https:\/\/biogroup.com.ar\/wp-content\/uploads\/2022\/12\/la-virginia.jpg 340w, https:\/\/biogroup.com.ar\/wp-content\/uploads\/2022\/12\/la-virginia-300x300.jpg 300w, https:\/\/biogroup.com.ar\/wp-content\/uploads\/2022\/12\/la-virginia-150x150.jpg 150w, https:\/\/biogroup.com.ar\/wp-content\/uploads\/2022\/12\/la-virginia-315x315.jpg 315w, https:\/\/biogroup.com.ar\/wp-content\/uploads\/2022\/12\/la-virginia-100x100.jpg 100w\" \/>\t\t\t\t\t\t\t\n\t\t\t\t\t\t\t<img loading=\"lazy\" decoding=\"async\" loading=\"lazy\" src=\"https:\/\/biogroup.com.ar\/wp-content\/uploads\/2022\/12\/grimoldi.jpg\" alt=\"grimoldi\" itemprop=\"image\" height=\"200\" width=\"350\" title=\"grimoldi\" onerror=\"this.style.display='none'\"  sizes=\"auto, (max-width: 768px) 100vw, 100vw\" srcset=\"https:\/\/biogroup.com.ar\/wp-content\/uploads\/2022\/12\/grimoldi.jpg 350w, https:\/\/biogroup.com.ar\/wp-content\/uploads\/2022\/12\/grimoldi-300x171.jpg 300w, https:\/\/biogroup.com.ar\/wp-content\/uploads\/2022\/12\/grimoldi-315x180.jpg 315w\" \/>\t\t\t\t\t\t\t\n\t\t\t\t\t\t\t<img loading=\"lazy\" decoding=\"async\" loading=\"lazy\" src=\"https:\/\/biogroup.com.ar\/wp-content\/uploads\/2022\/12\/la-segunda.jpeg\" alt=\"la segunda\" itemprop=\"image\" height=\"214\" width=\"235\" title=\"la segunda\" onerror=\"this.style.display='none'\"  sizes=\"auto, (max-width: 768px) 100vw, 100vw\"\/>\t\t\t\t\t\t\t\n\t\t\t\t\t\t\t<img loading=\"lazy\" decoding=\"async\" loading=\"lazy\" src=\"https:\/\/biogroup.com.ar\/wp-content\/uploads\/2022\/12\/gm.jpg\" alt=\"gm\" itemprop=\"image\" height=\"340\" width=\"340\" title=\"gm\" onerror=\"this.style.display='none'\"  sizes=\"auto, (max-width: 768px) 100vw, 100vw\" srcset=\"https:\/\/biogroup.com.ar\/wp-content\/uploads\/2022\/12\/gm.jpg 340w, https:\/\/biogroup.com.ar\/wp-content\/uploads\/2022\/12\/gm-300x300.jpg 300w, https:\/\/biogroup.com.ar\/wp-content\/uploads\/2022\/12\/gm-150x150.jpg 150w, https:\/\/biogroup.com.ar\/wp-content\/uploads\/2022\/12\/gm-315x315.jpg 315w, https:\/\/biogroup.com.ar\/wp-content\/uploads\/2022\/12\/gm-100x100.jpg 100w\" \/>\t\t\t\t\t\t\t\n\t\t\t\t\t\t\t<img loading=\"lazy\" decoding=\"async\" loading=\"lazy\" src=\"https:\/\/biogroup.com.ar\/wp-content\/uploads\/2022\/12\/emtr.jpeg\" alt=\"emtr\" itemprop=\"image\" height=\"131\" width=\"250\" title=\"emtr\" onerror=\"this.style.display='none'\"  sizes=\"auto, (max-width: 768px) 100vw, 100vw\"\/>\t\t\t\t\t\t\t\n\t\t\t\t\t\t\t<img loading=\"lazy\" decoding=\"async\" loading=\"lazy\" src=\"https:\/\/biogroup.com.ar\/wp-content\/uploads\/2022\/12\/gier.jpg\" alt=\"gier\" itemprop=\"image\" height=\"340\" width=\"340\" title=\"gier\" onerror=\"this.style.display='none'\"  sizes=\"auto, (max-width: 768px) 100vw, 100vw\" srcset=\"https:\/\/biogroup.com.ar\/wp-content\/uploads\/2022\/12\/gier.jpg 340w, https:\/\/biogroup.com.ar\/wp-content\/uploads\/2022\/12\/gier-300x300.jpg 300w, https:\/\/biogroup.com.ar\/wp-content\/uploads\/2022\/12\/gier-150x150.jpg 150w, https:\/\/biogroup.com.ar\/wp-content\/uploads\/2022\/12\/gier-315x315.jpg 315w, https:\/\/biogroup.com.ar\/wp-content\/uploads\/2022\/12\/gier-100x100.jpg 100w\" \/>\t\t\t\t\t\t\t\n\t\t\t\t\t\t\t<img loading=\"lazy\" decoding=\"async\" loading=\"lazy\" src=\"https:\/\/biogroup.com.ar\/wp-content\/uploads\/2022\/12\/kemira.jpeg\" alt=\"kemira\" itemprop=\"image\" height=\"131\" width=\"250\" title=\"kemira\" onerror=\"this.style.display='none'\"  sizes=\"auto, (max-width: 768px) 100vw, 100vw\"\/>\t\t\t\t\t\t\t\n\t\t\t\t\t\t\t<img loading=\"lazy\" decoding=\"async\" loading=\"lazy\" src=\"https:\/\/biogroup.com.ar\/wp-content\/uploads\/2022\/12\/fundar.jpg\" alt=\"fundar\" itemprop=\"image\" height=\"200\" width=\"400\" title=\"fundar\" onerror=\"this.style.display='none'\"  sizes=\"auto, (max-width: 768px) 100vw, 100vw\" srcset=\"https:\/\/biogroup.com.ar\/wp-content\/uploads\/2022\/12\/fundar.jpg 400w, https:\/\/biogroup.com.ar\/wp-content\/uploads\/2022\/12\/fundar-300x150.jpg 300w, https:\/\/biogroup.com.ar\/wp-content\/uploads\/2022\/12\/fundar-315x158.jpg 315w\" \/>\t\t\t\t\t\t\t\n\t\t\t\t\t\t\t<img loading=\"lazy\" decoding=\"async\" loading=\"lazy\" src=\"https:\/\/biogroup.com.ar\/wp-content\/uploads\/2022\/12\/instituto-gamma.jpg\" alt=\"instituto gamma\" itemprop=\"image\" height=\"340\" width=\"340\" title=\"instituto gamma\" onerror=\"this.style.display='none'\"  sizes=\"auto, (max-width: 768px) 100vw, 100vw\" srcset=\"https:\/\/biogroup.com.ar\/wp-content\/uploads\/2022\/12\/instituto-gamma.jpg 340w, https:\/\/biogroup.com.ar\/wp-content\/uploads\/2022\/12\/instituto-gamma-300x300.jpg 300w, https:\/\/biogroup.com.ar\/wp-content\/uploads\/2022\/12\/instituto-gamma-150x150.jpg 150w, https:\/\/biogroup.com.ar\/wp-content\/uploads\/2022\/12\/instituto-gamma-315x315.jpg 315w, https:\/\/biogroup.com.ar\/wp-content\/uploads\/2022\/12\/instituto-gamma-100x100.jpg 100w\" \/>\t\t\t\t\t\t\t\n\t\t\t\t\t\t\t<img loading=\"lazy\" decoding=\"async\" loading=\"lazy\" src=\"https:\/\/biogroup.com.ar\/wp-content\/uploads\/2022\/12\/fric-rot.jpg\" alt=\"fric rot\" itemprop=\"image\" height=\"340\" width=\"340\" title=\"fric rot\" onerror=\"this.style.display='none'\"  sizes=\"auto, (max-width: 768px) 100vw, 100vw\" srcset=\"https:\/\/biogroup.com.ar\/wp-content\/uploads\/2022\/12\/fric-rot.jpg 340w, https:\/\/biogroup.com.ar\/wp-content\/uploads\/2022\/12\/fric-rot-300x300.jpg 300w, https:\/\/biogroup.com.ar\/wp-content\/uploads\/2022\/12\/fric-rot-150x150.jpg 150w, https:\/\/biogroup.com.ar\/wp-content\/uploads\/2022\/12\/fric-rot-315x315.jpg 315w, https:\/\/biogroup.com.ar\/wp-content\/uploads\/2022\/12\/fric-rot-100x100.jpg 100w\" \/>\t\t\t\t\t\t\t\n\t\t\t\t\t\t\t<img loading=\"lazy\" decoding=\"async\" loading=\"lazy\" src=\"https:\/\/biogroup.com.ar\/wp-content\/uploads\/2022\/12\/imerys.jpg\" alt=\"imerys\" itemprop=\"image\" height=\"340\" width=\"340\" title=\"imerys\" onerror=\"this.style.display='none'\"  sizes=\"auto, (max-width: 768px) 100vw, 100vw\" srcset=\"https:\/\/biogroup.com.ar\/wp-content\/uploads\/2022\/12\/imerys.jpg 340w, https:\/\/biogroup.com.ar\/wp-content\/uploads\/2022\/12\/imerys-300x300.jpg 300w, https:\/\/biogroup.com.ar\/wp-content\/uploads\/2022\/12\/imerys-150x150.jpg 150w, https:\/\/biogroup.com.ar\/wp-content\/uploads\/2022\/12\/imerys-315x315.jpg 315w, https:\/\/biogroup.com.ar\/wp-content\/uploads\/2022\/12\/imerys-100x100.jpg 100w\" \/>\t\t\t\t\t\t\t\n\t\t\t\t\t\t\t<img loading=\"lazy\" decoding=\"async\" loading=\"lazy\" src=\"https:\/\/biogroup.com.ar\/wp-content\/uploads\/2022\/12\/explora.png\" alt=\"explora\" itemprop=\"image\" height=\"42\" width=\"132\" title=\"explora\" onerror=\"this.style.display='none'\"  sizes=\"auto, (max-width: 768px) 100vw, 100vw\"\/>\t\t\t\t\t\t\t\n\t\t\t\t\t\t\t<img loading=\"lazy\" decoding=\"async\" loading=\"lazy\" src=\"https:\/\/biogroup.com.ar\/wp-content\/uploads\/2022\/12\/hsbc.jpg\" alt=\"hsbc\" itemprop=\"image\" height=\"340\" width=\"340\" title=\"hsbc\" onerror=\"this.style.display='none'\"  sizes=\"auto, (max-width: 768px) 100vw, 100vw\" srcset=\"https:\/\/biogroup.com.ar\/wp-content\/uploads\/2022\/12\/hsbc.jpg 340w, https:\/\/biogroup.com.ar\/wp-content\/uploads\/2022\/12\/hsbc-300x300.jpg 300w, https:\/\/biogroup.com.ar\/wp-content\/uploads\/2022\/12\/hsbc-150x150.jpg 150w, https:\/\/biogroup.com.ar\/wp-content\/uploads\/2022\/12\/hsbc-315x315.jpg 315w, https:\/\/biogroup.com.ar\/wp-content\/uploads\/2022\/12\/hsbc-100x100.jpg 100w\" \/>\t\t\t\t\t\t\t\n\t\t\t\t\t\t\t<img loading=\"lazy\" decoding=\"async\" loading=\"lazy\" src=\"https:\/\/biogroup.com.ar\/wp-content\/uploads\/2022\/12\/epe.jpg\" alt=\"epe\" itemprop=\"image\" height=\"340\" width=\"340\" title=\"epe\" onerror=\"this.style.display='none'\"  sizes=\"auto, (max-width: 768px) 100vw, 100vw\" srcset=\"https:\/\/biogroup.com.ar\/wp-content\/uploads\/2022\/12\/epe.jpg 340w, https:\/\/biogroup.com.ar\/wp-content\/uploads\/2022\/12\/epe-300x300.jpg 300w, https:\/\/biogroup.com.ar\/wp-content\/uploads\/2022\/12\/epe-150x150.jpg 150w, https:\/\/biogroup.com.ar\/wp-content\/uploads\/2022\/12\/epe-315x315.jpg 315w, https:\/\/biogroup.com.ar\/wp-content\/uploads\/2022\/12\/epe-100x100.jpg 100w\" \/>\t\t\t\t\t\t\t\n\n<\/div><!-- .vgblk-rw-wrapper -->","protected":false},"excerpt":{"rendered":"<p>The Following Companies Trust Biogroup<\/p>\n","protected":false},"author":3,"featured_media":0,"parent":0,"menu_order":0,"comment_status":"closed","ping_status":"closed","template":"","meta":{"inline_featured_image":false,"_joinchat":[],"footnotes":""},"class_list":["post-989720","page","type-page","status-publish","hentry"],"yoast_head":"<!-- This site is optimized with the Yoast SEO plugin v27.3 - https:\/\/yoast.com\/product\/yoast-seo-wordpress\/ -->\n<title>Customers - BioGroup<\/title>\n<meta name=\"robots\" content=\"index, follow, max-snippet:-1, max-image-preview:large, max-video-preview:-1\" \/>\n<link rel=\"canonical\" href=\"https:\/\/biogroup.com.ar\/en\/customers\/\" \/>\n<meta property=\"og:locale\" content=\"en_US\" \/>\n<meta property=\"og:type\" content=\"article\" \/>\n<meta property=\"og:title\" content=\"Customers - BioGroup\" \/>\n<meta property=\"og:description\" content=\"The Following Companies Trust Biogroup\" \/>\n<meta property=\"og:url\" content=\"https:\/\/biogroup.com.ar\/en\/customers\/\" \/>\n<meta property=\"og:site_name\" content=\"BioGroup\" \/>\n<meta property=\"article:modified_time\" content=\"2023-01-24T22:09:32+00:00\" \/>\n<meta property=\"og:image\" content=\"https:\/\/biogroup.com.ar\/wp-content\/uploads\/2022\/12\/mattievich.jpg\" \/>\n<meta name=\"twitter:card\" content=\"summary_large_image\" \/>\n<meta name=\"twitter:label1\" content=\"Est. reading time\" \/>\n\t<meta name=\"twitter:data1\" content=\"1 minute\" \/>\n<script type=\"application\/ld+json\" class=\"yoast-schema-graph\">{\"@context\":\"https:\\\/\\\/schema.org\",\"@graph\":[{\"@type\":\"WebPage\",\"@id\":\"https:\\\/\\\/biogroup.com.ar\\\/en\\\/customers\\\/\",\"url\":\"https:\\\/\\\/biogroup.com.ar\\\/en\\\/customers\\\/\",\"name\":\"Customers - BioGroup\",\"isPartOf\":{\"@id\":\"https:\\\/\\\/biogroup.com.ar\\\/#website\"},\"primaryImageOfPage\":{\"@id\":\"https:\\\/\\\/biogroup.com.ar\\\/en\\\/customers\\\/#primaryimage\"},\"image\":{\"@id\":\"https:\\\/\\\/biogroup.com.ar\\\/en\\\/customers\\\/#primaryimage\"},\"thumbnailUrl\":\"https:\\\/\\\/biogroup.com.ar\\\/wp-content\\\/uploads\\\/2022\\\/12\\\/mattievich.jpg\",\"datePublished\":\"2022-12-14T13:23:08+00:00\",\"dateModified\":\"2023-01-24T22:09:32+00:00\",\"inLanguage\":\"en-US\",\"potentialAction\":[{\"@type\":\"ReadAction\",\"target\":[\"https:\\\/\\\/biogroup.com.ar\\\/en\\\/customers\\\/\"]}]},{\"@type\":\"ImageObject\",\"inLanguage\":\"en-US\",\"@id\":\"https:\\\/\\\/biogroup.com.ar\\\/en\\\/customers\\\/#primaryimage\",\"url\":\"https:\\\/\\\/biogroup.com.ar\\\/wp-content\\\/uploads\\\/2022\\\/12\\\/mattievich.jpg\",\"contentUrl\":\"https:\\\/\\\/biogroup.com.ar\\\/wp-content\\\/uploads\\\/2022\\\/12\\\/mattievich.jpg\"},{\"@type\":\"WebSite\",\"@id\":\"https:\\\/\\\/biogroup.com.ar\\\/#website\",\"url\":\"https:\\\/\\\/biogroup.com.ar\\\/\",\"name\":\"BioGroup\",\"description\":\"Centro de Investigaci\u00f3n Cient\u00edfica y Tecnol\u00f3gica\",\"publisher\":{\"@id\":\"https:\\\/\\\/biogroup.com.ar\\\/#organization\"},\"potentialAction\":[{\"@type\":\"SearchAction\",\"target\":{\"@type\":\"EntryPoint\",\"urlTemplate\":\"https:\\\/\\\/biogroup.com.ar\\\/?s={search_term_string}\"},\"query-input\":{\"@type\":\"PropertyValueSpecification\",\"valueRequired\":true,\"valueName\":\"search_term_string\"}}],\"inLanguage\":\"en-US\"},{\"@type\":\"Organization\",\"@id\":\"https:\\\/\\\/biogroup.com.ar\\\/#organization\",\"name\":\"BioGroup\",\"url\":\"https:\\\/\\\/biogroup.com.ar\\\/\",\"logo\":{\"@type\":\"ImageObject\",\"inLanguage\":\"en-US\",\"@id\":\"https:\\\/\\\/biogroup.com.ar\\\/#\\\/schema\\\/logo\\\/image\\\/\",\"url\":\"https:\\\/\\\/biogroup.com.ar\\\/wp-content\\\/uploads\\\/2024\\\/10\\\/cropped-logo-1.jpg\",\"contentUrl\":\"https:\\\/\\\/biogroup.com.ar\\\/wp-content\\\/uploads\\\/2024\\\/10\\\/cropped-logo-1.jpg\",\"width\":573,\"height\":145,\"caption\":\"BioGroup\"},\"image\":{\"@id\":\"https:\\\/\\\/biogroup.com.ar\\\/#\\\/schema\\\/logo\\\/image\\\/\"}}]}<\/script>\n<!-- \/ Yoast SEO plugin. -->","yoast_head_json":{"title":"Customers - BioGroup","robots":{"index":"index","follow":"follow","max-snippet":"max-snippet:-1","max-image-preview":"max-image-preview:large","max-video-preview":"max-video-preview:-1"},"canonical":"https:\/\/biogroup.com.ar\/en\/customers\/","og_locale":"en_US","og_type":"article","og_title":"Customers - BioGroup","og_description":"The Following Companies Trust Biogroup","og_url":"https:\/\/biogroup.com.ar\/en\/customers\/","og_site_name":"BioGroup","article_modified_time":"2023-01-24T22:09:32+00:00","og_image":[{"url":"https:\/\/biogroup.com.ar\/wp-content\/uploads\/2022\/12\/mattievich.jpg","type":"","width":"","height":""}],"twitter_card":"summary_large_image","twitter_misc":{"Est. reading time":"1 minute"},"schema":{"@context":"https:\/\/schema.org","@graph":[{"@type":"WebPage","@id":"https:\/\/biogroup.com.ar\/en\/customers\/","url":"https:\/\/biogroup.com.ar\/en\/customers\/","name":"Customers - BioGroup","isPartOf":{"@id":"https:\/\/biogroup.com.ar\/#website"},"primaryImageOfPage":{"@id":"https:\/\/biogroup.com.ar\/en\/customers\/#primaryimage"},"image":{"@id":"https:\/\/biogroup.com.ar\/en\/customers\/#primaryimage"},"thumbnailUrl":"https:\/\/biogroup.com.ar\/wp-content\/uploads\/2022\/12\/mattievich.jpg","datePublished":"2022-12-14T13:23:08+00:00","dateModified":"2023-01-24T22:09:32+00:00","inLanguage":"en-US","potentialAction":[{"@type":"ReadAction","target":["https:\/\/biogroup.com.ar\/en\/customers\/"]}]},{"@type":"ImageObject","inLanguage":"en-US","@id":"https:\/\/biogroup.com.ar\/en\/customers\/#primaryimage","url":"https:\/\/biogroup.com.ar\/wp-content\/uploads\/2022\/12\/mattievich.jpg","contentUrl":"https:\/\/biogroup.com.ar\/wp-content\/uploads\/2022\/12\/mattievich.jpg"},{"@type":"WebSite","@id":"https:\/\/biogroup.com.ar\/#website","url":"https:\/\/biogroup.com.ar\/","name":"BioGroup","description":"Centro de Investigaci\u00f3n Cient\u00edfica y Tecnol\u00f3gica","publisher":{"@id":"https:\/\/biogroup.com.ar\/#organization"},"potentialAction":[{"@type":"SearchAction","target":{"@type":"EntryPoint","urlTemplate":"https:\/\/biogroup.com.ar\/?s={search_term_string}"},"query-input":{"@type":"PropertyValueSpecification","valueRequired":true,"valueName":"search_term_string"}}],"inLanguage":"en-US"},{"@type":"Organization","@id":"https:\/\/biogroup.com.ar\/#organization","name":"BioGroup","url":"https:\/\/biogroup.com.ar\/","logo":{"@type":"ImageObject","inLanguage":"en-US","@id":"https:\/\/biogroup.com.ar\/#\/schema\/logo\/image\/","url":"https:\/\/biogroup.com.ar\/wp-content\/uploads\/2024\/10\/cropped-logo-1.jpg","contentUrl":"https:\/\/biogroup.com.ar\/wp-content\/uploads\/2024\/10\/cropped-logo-1.jpg","width":573,"height":145,"caption":"BioGroup"},"image":{"@id":"https:\/\/biogroup.com.ar\/#\/schema\/logo\/image\/"}}]}},"_links":{"self":[{"href":"https:\/\/biogroup.com.ar\/en\/wp-json\/wp\/v2\/pages\/989720","targetHints":{"allow":["GET"]}}],"collection":[{"href":"https:\/\/biogroup.com.ar\/en\/wp-json\/wp\/v2\/pages"}],"about":[{"href":"https:\/\/biogroup.com.ar\/en\/wp-json\/wp\/v2\/types\/page"}],"author":[{"embeddable":true,"href":"https:\/\/biogroup.com.ar\/en\/wp-json\/wp\/v2\/users\/3"}],"replies":[{"embeddable":true,"href":"https:\/\/biogroup.com.ar\/en\/wp-json\/wp\/v2\/comments?post=989720"}],"version-history":[{"count":8,"href":"https:\/\/biogroup.com.ar\/en\/wp-json\/wp\/v2\/pages\/989720\/revisions"}],"predecessor-version":[{"id":990300,"href":"https:\/\/biogroup.com.ar\/en\/wp-json\/wp\/v2\/pages\/989720\/revisions\/990300"}],"wp:attachment":[{"href":"https:\/\/biogroup.com.ar\/en\/wp-json\/wp\/v2\/media?parent=989720"}],"curies":[{"name":"wp","href":"https:\/\/api.w.org\/{rel}","templated":true}]}}