{"id":989699,"date":"2022-12-02T13:03:19","date_gmt":"2022-12-02T16:03:19","guid":{"rendered":"https:\/\/biogroup.com.ar\/migration-analysis\/"},"modified":"2023-02-01T08:05:27","modified_gmt":"2023-02-01T11:05:27","slug":"migration-analysis","status":"publish","type":"page","link":"https:\/\/biogroup.com.ar\/en\/migration-analysis\/","title":{"rendered":"Migration Analysis"},"content":{"rendered":"<div class=\"vgblk-rw-wrapper limit-wrapper\">\n\n\t<p><em><strong>Biogroup<\/strong><\/em>, accredited by ASSAL (Santa Fe Food Safety Agency) analyzes plastic, paper and cardboard containers that come into contact with food to determine the migration of monomers, additives and other residual substances.<\/p>\n<p><em><strong>Biogroup<\/strong> <\/em>chemists have extensive knowledge of both national and international regulations for materials that come into contact with food, including the European regulatory framework and other related directives, amendments and guidelines, as well as standards set by the FDA.<\/p>\n<p><em><strong>Biogroup<\/strong> <\/em>has extensive experience both in interpreting appropriate legislation and in providing chemical carryover test data in accordance with these standards.<\/p>\n<p><em><strong>Biogroup<\/strong> <\/em>not only determines the concentration of substances that migrate from the packaging to the food, but can also investigate the causes by which said substance reaches the food. This is a fundamental service for the food packaging and materials packaging industry.<\/p>\n<p>&nbsp;<\/p>\n<h3>Paper and Cardboard Packaging Migration Tests<\/h3>\n<p><em><strong>Biogroup<\/strong> <\/em>laboratory analysts carry out specific migration tests for materials in contact with food, including paper and cardboard containers and packaging materials.<\/p>\n<p>Chemical components tested at specific migration limits: Mineral oils, 4-Methylbenzophenone, Benzophenone, Bisphenol A (BPA), Formaldehyde, PCP, Heavy metals (Cadmium, Lead, Mercury, Chromium VI), PAA, Antimicrobial activity, Anthraquinone and others. Analysis of additives, monomers, inks, pigments, adhesives, etc. used in packaging or other materials that come into contact with food are made in accordance with European directives and guidelines.<\/p>\n<h3>Specific migration tests according to the EN-13130 standard for plastic materials in contact with food<br \/>\nSpecific migration component tests include:<\/h3>\nTerephthalic acid \/ Isophthalic acid<br \/>\nMaleic acid \/ maleic anhydride<br \/>\n1,3-butadiene<br \/>\nBisphenol A<br \/>\nTotal primary aromatic amines<br \/>\nPhthalates analysis<br \/>\nIsocyanates<br \/>\nEpoxidized Soybean Oil (ESBO)<br \/>\nTrace metal analysis<br \/>\nOthers\n<h3>\nGlobal migration tests for materials in contact with food, such as containers and kitchen utensils, according to the EN-1186 standard<\/h3>\n<p>We perform global migration tests for all simulants and under a wide range of test conditions, depending on the intended use of these food contact materials.<\/p>\n<p>In those cases in which there is no specific method available to perform the test for a certain contaminant, <em><strong>Biogroup<\/strong> <\/em>has the necessary analytical equipment and specialized personnel to develop the analytical technique that best suits the regulatory requirement.<\/p>\n<p>Our tests for materials in contact with food also include other types of materials intended to be in contact with food, such as paper, cardboard, metals, ceramics, etc.<\/p>\n<h3>Simulants used for global and specific migration assays include:<\/h3>\nSimulant A (non-acidic aqueous food simulant: distilled or deionized water).<br \/>\nSimulant B (acidic aqueous food simulant: 3% (m\/v) acetic acid solution in distilled or deionized water.<br \/>\nSimulant C (alcoholic food simulant): 10% (v\/v) ethanol solution in distilled or deionized water, concentration that will be adjusted to the actual ethanol content of the product in the event that it exceeds 10% (v \/v).<br \/>\nSimulant D (fat food simulant): 95% (v\/v) ethanol solution in distilled or deionized water, or isooctane, or MPPO (modified polyphenylene oxide), as appropriate;<br \/>\nSimulant D&#8217; (simulant equivalent to simulant D): edible oils (olive oil, sunflower oil, corn oil) or synthetic mixtures of triglycerides.\n<h3>\nANALYSIS METHODS<\/h3>\n<p>Standard Methods for the Examination of Water and Wastewater (American Water Works Association\/American Public Works Association\/Water Environment Federation)<\/p>\n<p>ISO (International Organization for Standardization)<\/p>\n<p>AOAC (Association Of Analytical Communities)<\/p>\n<p>FDA (Food and Drug Administration)<\/p>\n<p>ICMSF (International Commission on Microbiological Specifications for Foods)<\/p>\n<p>AFNOR (Association fran\u00e7aise de Normalisation)<\/p>\n<p>USP (U.S. Pharmacopeial Convention)<\/p>\n<p>BP (British Pharmacopoeia)<\/p>\n<p>FNA (Argentine National Pharmacopoeia)<\/p>\n\n<\/div><!-- .vgblk-rw-wrapper -->","protected":false},"excerpt":{"rendered":"<p>Biogroup, accredited by ASSAL (Santa Fe Food Safety Agency) analyzes plastic, paper and cardboard containers that come into contact with food to determine the migration of monomers, additives and other residual substances. Biogroup chemists have extensive knowledge of both national and international regulations for materials that come into contact with food, including the European regulatory&#8230;<\/p>\n","protected":false},"author":3,"featured_media":0,"parent":0,"menu_order":0,"comment_status":"closed","ping_status":"closed","template":"","meta":{"inline_featured_image":false,"_joinchat":[],"footnotes":""},"class_list":["post-989699","page","type-page","status-publish","hentry"],"yoast_head":"<!-- This site is optimized with the Yoast SEO plugin v27.4 - https:\/\/yoast.com\/product\/yoast-seo-wordpress\/ -->\n<title>Migration Analysis - BioGroup<\/title>\n<meta name=\"description\" content=\"Migration tests on containers in contact with food are carried out with the highest technology in laboratory equipment.\" \/>\n<meta name=\"robots\" content=\"index, follow, max-snippet:-1, max-image-preview:large, max-video-preview:-1\" \/>\n<link rel=\"canonical\" href=\"https:\/\/biogroup.com.ar\/en\/migration-analysis\/\" \/>\n<meta property=\"og:locale\" content=\"en_US\" \/>\n<meta property=\"og:type\" content=\"article\" \/>\n<meta property=\"og:title\" content=\"Migration Analysis - BioGroup\" \/>\n<meta property=\"og:description\" content=\"Migration tests on containers in contact with food are carried out with the highest technology in laboratory equipment.\" \/>\n<meta property=\"og:url\" content=\"https:\/\/biogroup.com.ar\/en\/migration-analysis\/\" \/>\n<meta property=\"og:site_name\" content=\"BioGroup\" \/>\n<meta property=\"article:modified_time\" content=\"2023-02-01T11:05:27+00:00\" \/>\n<meta name=\"twitter:card\" content=\"summary_large_image\" \/>\n<meta name=\"twitter:label1\" content=\"Est. reading time\" \/>\n\t<meta name=\"twitter:data1\" content=\"3 minutes\" \/>\n<script type=\"application\/ld+json\" class=\"yoast-schema-graph\">{\"@context\":\"https:\\\/\\\/schema.org\",\"@graph\":[{\"@type\":\"WebPage\",\"@id\":\"https:\\\/\\\/biogroup.com.ar\\\/en\\\/migration-analysis\\\/\",\"url\":\"https:\\\/\\\/biogroup.com.ar\\\/en\\\/migration-analysis\\\/\",\"name\":\"Migration Analysis - BioGroup\",\"isPartOf\":{\"@id\":\"https:\\\/\\\/biogroup.com.ar\\\/#website\"},\"datePublished\":\"2022-12-02T16:03:19+00:00\",\"dateModified\":\"2023-02-01T11:05:27+00:00\",\"description\":\"Migration tests on containers in contact with food are carried out with the highest technology in laboratory equipment.\",\"inLanguage\":\"en-US\",\"potentialAction\":[{\"@type\":\"ReadAction\",\"target\":[\"https:\\\/\\\/biogroup.com.ar\\\/en\\\/migration-analysis\\\/\"]}]},{\"@type\":\"WebSite\",\"@id\":\"https:\\\/\\\/biogroup.com.ar\\\/#website\",\"url\":\"https:\\\/\\\/biogroup.com.ar\\\/\",\"name\":\"BioGroup\",\"description\":\"Centro de Investigaci\u00f3n Cient\u00edfica y Tecnol\u00f3gica\",\"publisher\":{\"@id\":\"https:\\\/\\\/biogroup.com.ar\\\/#organization\"},\"potentialAction\":[{\"@type\":\"SearchAction\",\"target\":{\"@type\":\"EntryPoint\",\"urlTemplate\":\"https:\\\/\\\/biogroup.com.ar\\\/?s={search_term_string}\"},\"query-input\":{\"@type\":\"PropertyValueSpecification\",\"valueRequired\":true,\"valueName\":\"search_term_string\"}}],\"inLanguage\":\"en-US\"},{\"@type\":\"Organization\",\"@id\":\"https:\\\/\\\/biogroup.com.ar\\\/#organization\",\"name\":\"BioGroup\",\"url\":\"https:\\\/\\\/biogroup.com.ar\\\/\",\"logo\":{\"@type\":\"ImageObject\",\"inLanguage\":\"en-US\",\"@id\":\"https:\\\/\\\/biogroup.com.ar\\\/#\\\/schema\\\/logo\\\/image\\\/\",\"url\":\"https:\\\/\\\/biogroup.com.ar\\\/wp-content\\\/uploads\\\/2024\\\/10\\\/cropped-logo-1.jpg\",\"contentUrl\":\"https:\\\/\\\/biogroup.com.ar\\\/wp-content\\\/uploads\\\/2024\\\/10\\\/cropped-logo-1.jpg\",\"width\":573,\"height\":145,\"caption\":\"BioGroup\"},\"image\":{\"@id\":\"https:\\\/\\\/biogroup.com.ar\\\/#\\\/schema\\\/logo\\\/image\\\/\"}}]}<\/script>\n<!-- \/ Yoast SEO plugin. -->","yoast_head_json":{"title":"Migration Analysis - BioGroup","description":"Migration tests on containers in contact with food are carried out with the highest technology in laboratory equipment.","robots":{"index":"index","follow":"follow","max-snippet":"max-snippet:-1","max-image-preview":"max-image-preview:large","max-video-preview":"max-video-preview:-1"},"canonical":"https:\/\/biogroup.com.ar\/en\/migration-analysis\/","og_locale":"en_US","og_type":"article","og_title":"Migration Analysis - BioGroup","og_description":"Migration tests on containers in contact with food are carried out with the highest technology in laboratory equipment.","og_url":"https:\/\/biogroup.com.ar\/en\/migration-analysis\/","og_site_name":"BioGroup","article_modified_time":"2023-02-01T11:05:27+00:00","twitter_card":"summary_large_image","twitter_misc":{"Est. reading time":"3 minutes"},"schema":{"@context":"https:\/\/schema.org","@graph":[{"@type":"WebPage","@id":"https:\/\/biogroup.com.ar\/en\/migration-analysis\/","url":"https:\/\/biogroup.com.ar\/en\/migration-analysis\/","name":"Migration Analysis - BioGroup","isPartOf":{"@id":"https:\/\/biogroup.com.ar\/#website"},"datePublished":"2022-12-02T16:03:19+00:00","dateModified":"2023-02-01T11:05:27+00:00","description":"Migration tests on containers in contact with food are carried out with the highest technology in laboratory equipment.","inLanguage":"en-US","potentialAction":[{"@type":"ReadAction","target":["https:\/\/biogroup.com.ar\/en\/migration-analysis\/"]}]},{"@type":"WebSite","@id":"https:\/\/biogroup.com.ar\/#website","url":"https:\/\/biogroup.com.ar\/","name":"BioGroup","description":"Centro de Investigaci\u00f3n Cient\u00edfica y Tecnol\u00f3gica","publisher":{"@id":"https:\/\/biogroup.com.ar\/#organization"},"potentialAction":[{"@type":"SearchAction","target":{"@type":"EntryPoint","urlTemplate":"https:\/\/biogroup.com.ar\/?s={search_term_string}"},"query-input":{"@type":"PropertyValueSpecification","valueRequired":true,"valueName":"search_term_string"}}],"inLanguage":"en-US"},{"@type":"Organization","@id":"https:\/\/biogroup.com.ar\/#organization","name":"BioGroup","url":"https:\/\/biogroup.com.ar\/","logo":{"@type":"ImageObject","inLanguage":"en-US","@id":"https:\/\/biogroup.com.ar\/#\/schema\/logo\/image\/","url":"https:\/\/biogroup.com.ar\/wp-content\/uploads\/2024\/10\/cropped-logo-1.jpg","contentUrl":"https:\/\/biogroup.com.ar\/wp-content\/uploads\/2024\/10\/cropped-logo-1.jpg","width":573,"height":145,"caption":"BioGroup"},"image":{"@id":"https:\/\/biogroup.com.ar\/#\/schema\/logo\/image\/"}}]}},"_links":{"self":[{"href":"https:\/\/biogroup.com.ar\/en\/wp-json\/wp\/v2\/pages\/989699","targetHints":{"allow":["GET"]}}],"collection":[{"href":"https:\/\/biogroup.com.ar\/en\/wp-json\/wp\/v2\/pages"}],"about":[{"href":"https:\/\/biogroup.com.ar\/en\/wp-json\/wp\/v2\/types\/page"}],"author":[{"embeddable":true,"href":"https:\/\/biogroup.com.ar\/en\/wp-json\/wp\/v2\/users\/3"}],"replies":[{"embeddable":true,"href":"https:\/\/biogroup.com.ar\/en\/wp-json\/wp\/v2\/comments?post=989699"}],"version-history":[{"count":4,"href":"https:\/\/biogroup.com.ar\/en\/wp-json\/wp\/v2\/pages\/989699\/revisions"}],"predecessor-version":[{"id":990607,"href":"https:\/\/biogroup.com.ar\/en\/wp-json\/wp\/v2\/pages\/989699\/revisions\/990607"}],"wp:attachment":[{"href":"https:\/\/biogroup.com.ar\/en\/wp-json\/wp\/v2\/media?parent=989699"}],"curies":[{"name":"wp","href":"https:\/\/api.w.org\/{rel}","templated":true}]}}